{"id":544,"date":"2024-03-18T17:22:55","date_gmt":"2024-03-18T20:22:55","guid":{"rendered":"https:\/\/cirurgiaplasticapassofundo.com.br\/?page_id=544"},"modified":"2025-11-18T15:54:31","modified_gmt":"2025-11-18T18:54:31","slug":"braquioplastia","status":"publish","type":"page","link":"https:\/\/liftcomplexo.com.br\/?page_id=544","title":{"rendered":"Braquioplastia"},"content":{"rendered":"\t\t<div data-elementor-type=\"wp-page\" data-elementor-id=\"544\" class=\"elementor elementor-544\" data-elementor-settings=\"[]\">\r\n\t\t\t\t\t\t\t<div class=\"elementor-section-wrap\">\r\n\t\t\t\t\t\t\t<section class=\"elementor-section elementor-top-section elementor-element elementor-element-ef65ec4 elementor-section-boxed elementor-section-height-default elementor-section-height-default\" data-id=\"ef65ec4\" data-element_type=\"section\" data-settings=\"{&quot;background_background&quot;:&quot;classic&quot;}\">\r\n\t\t\t\t\t\t<div class=\"elementor-container elementor-column-gap-default\">\r\n\t\t\t\t\t<div class=\"elementor-column elementor-col-50 elementor-top-column elementor-element elementor-element-30a55a7\" data-id=\"30a55a7\" data-element_type=\"column\">\r\n\t\t\t<div class=\"elementor-widget-wrap elementor-element-populated\">\r\n\t\t\t\t\t\t\t\t<div class=\"elementor-element elementor-element-8343a2b elementor-hidden-phone elementor-invisible elementor-widget elementor-widget-spacer\" data-id=\"8343a2b\" data-element_type=\"widget\" data-settings=\"{&quot;_animation&quot;:&quot;fadeInDown&quot;}\" data-widget_type=\"spacer.default\">\r\n\t\t\t\t<div class=\"elementor-widget-container\">\r\n\t\t\t\t\t<div class=\"elementor-spacer\">\r\n\t\t\t<div class=\"elementor-spacer-inner\"><\/div>\r\n\t\t<\/div>\r\n\t\t\t\t<\/div>\r\n\t\t\t\t<\/div>\r\n\t\t\t\t<div class=\"elementor-element elementor-element-b44efc0 elementor-invisible elementor-widget elementor-widget-heading\" data-id=\"b44efc0\" data-element_type=\"widget\" data-settings=\"{&quot;_animation&quot;:&quot;fadeInLeft&quot;}\" data-widget_type=\"heading.default\">\r\n\t\t\t\t<div class=\"elementor-widget-container\">\r\n\t\t\t<h1 class=\"elementor-heading-title elementor-size-default\">Braquioplastia<\/h1>\t\t<\/div>\r\n\t\t\t\t<\/div>\r\n\t\t\t\t<div class=\"elementor-element elementor-element-5e464f6 elementor-align-right elementor-hidden-phone elementor-invisible elementor-widget elementor-widget-button\" data-id=\"5e464f6\" data-element_type=\"widget\" data-settings=\"{&quot;_animation&quot;:&quot;fadeInUp&quot;,&quot;_animation_delay&quot;:800}\" data-widget_type=\"button.default\">\r\n\t\t\t\t<div class=\"elementor-widget-container\">\r\n\t\t\t\t\t<div class=\"elementor-button-wrapper\">\r\n\t\t\t<a href=\"https:\/\/wa.me\/558594024317?text=Ol%C3%A1%2C%20gostaria%20de%20mais%20informa%C3%A7%C3%B5es%20sobre%20o%20Complexo%20Lift\" class=\"elementor-button-link elementor-button elementor-size-md elementor-animation-sink\" role=\"button\">\r\n\t\t\t\t\t\t<span class=\"elementor-button-content-wrapper\">\r\n\t\t\t\t\t\t<span class=\"elementor-button-icon elementor-align-icon-right\">\r\n\t\t\t\t<i aria-hidden=\"true\" class=\"fas fa-angle-right\"><\/i>\t\t\t<\/span>\r\n\t\t\t\t\t\t<span class=\"elementor-button-text\">whatsapp<\/span>\r\n\t\t<\/span>\r\n\t\t\t\t\t<\/a>\r\n\t\t<\/div>\r\n\t\t\t\t<\/div>\r\n\t\t\t\t<\/div>\r\n\t\t\t\t\t<\/div>\r\n\t\t<\/div>\r\n\t\t\t\t<div class=\"elementor-column elementor-col-50 elementor-top-column elementor-element elementor-element-fa473b9\" data-id=\"fa473b9\" data-element_type=\"column\">\r\n\t\t\t<div class=\"elementor-widget-wrap elementor-element-populated\">\r\n\t\t\t\t\t\t\t\t<div class=\"elementor-element elementor-element-981b4fa elementor-invisible elementor-widget elementor-widget-heading\" data-id=\"981b4fa\" data-element_type=\"widget\" data-settings=\"{&quot;_animation&quot;:&quot;fadeIn&quot;}\" data-widget_type=\"heading.default\">\r\n\t\t\t\t<div class=\"elementor-widget-container\">\r\n\t\t\t<h5 class=\"elementor-heading-title elementor-size-medium\">rESUMO<\/h5>\t\t<\/div>\r\n\t\t\t\t<\/div>\r\n\t\t\t\t<div class=\"elementor-element elementor-element-1710b2e elementor-invisible elementor-widget elementor-widget-text-editor\" data-id=\"1710b2e\" data-element_type=\"widget\" data-settings=\"{&quot;_animation&quot;:&quot;fadeIn&quot;}\" data-widget_type=\"text-editor.default\">\r\n\t\t\t\t<div class=\"elementor-widget-container\">\r\n\t\t\t\t\t\t\t\t<p>Depois dos 40, os bra\u00e7os ca\u00eddos come\u00e7am a aparecer em algumas mulheres. \u00c9 importante distinguir os diferentes graus de flacidez do contorno dos bra\u00e7os, pois a escolha do m\u00e9todo depender\u00e1, em grande parte, do grau de flacidez que eles apresentam.<\/p>\t\t\t\t\t\t<\/div>\r\n\t\t\t\t<\/div>\r\n\t\t\t\t\t<\/div>\r\n\t\t<\/div>\r\n\t\t\t\t\t\t\t<\/div>\r\n\t\t<\/section>\r\n\t\t\t\t<section class=\"elementor-section elementor-top-section elementor-element elementor-element-b06ace1 elementor-section-boxed elementor-section-height-default elementor-section-height-default\" data-id=\"b06ace1\" data-element_type=\"section\">\r\n\t\t\t\t\t\t<div class=\"elementor-container elementor-column-gap-no\">\r\n\t\t\t\t\t<div class=\"elementor-column elementor-col-50 elementor-top-column elementor-element elementor-element-2388053\" data-id=\"2388053\" data-element_type=\"column\">\r\n\t\t\t<div class=\"elementor-widget-wrap elementor-element-populated\">\r\n\t\t\t\t\t\t\t\t<div class=\"elementor-element elementor-element-8df6763 elementor-widget elementor-widget-image\" data-id=\"8df6763\" data-element_type=\"widget\" data-widget_type=\"image.default\">\r\n\t\t\t\t<div class=\"elementor-widget-container\">\r\n\t\t\t\t\t\t\t\t\t\t\t\t\t\t\t<img loading=\"lazy\" decoding=\"async\" width=\"800\" height=\"600\" src=\"https:\/\/liftcomplexo.com.br\/wp-content\/uploads\/2024\/03\/cb4ed18dabb5549a38cbc91d5d138746.jpg\" class=\"attachment-large size-large\" alt=\"\" srcset=\"https:\/\/liftcomplexo.com.br\/wp-content\/uploads\/2024\/03\/cb4ed18dabb5549a38cbc91d5d138746.jpg 960w, https:\/\/liftcomplexo.com.br\/wp-content\/uploads\/2024\/03\/cb4ed18dabb5549a38cbc91d5d138746-300x225.jpg 300w, https:\/\/liftcomplexo.com.br\/wp-content\/uploads\/2024\/03\/cb4ed18dabb5549a38cbc91d5d138746-768x576.jpg 768w\" sizes=\"(max-width: 800px) 100vw, 800px\" \/>\t\t\t\t\t\t\t\t\t\t\t\t\t\t\t<\/div>\r\n\t\t\t\t<\/div>\r\n\t\t\t\t\t<\/div>\r\n\t\t<\/div>\r\n\t\t\t\t<div class=\"elementor-column elementor-col-50 elementor-top-column elementor-element elementor-element-9c4b4a6\" data-id=\"9c4b4a6\" data-element_type=\"column\">\r\n\t\t\t<div class=\"elementor-widget-wrap elementor-element-populated\">\r\n\t\t\t\t\t\t\t\t<section class=\"elementor-section elementor-inner-section elementor-element elementor-element-90112f0 elementor-section-boxed elementor-section-height-default elementor-section-height-default\" data-id=\"90112f0\" data-element_type=\"section\">\r\n\t\t\t\t\t\t<div class=\"elementor-container elementor-column-gap-default\">\r\n\t\t\t\t\t<div class=\"elementor-column elementor-col-100 elementor-inner-column elementor-element elementor-element-6747a8d\" data-id=\"6747a8d\" data-element_type=\"column\">\r\n\t\t\t<div class=\"elementor-widget-wrap elementor-element-populated\">\r\n\t\t\t\t\t\t\t\t<div class=\"elementor-element elementor-element-bd0bc09 elementor-invisible elementor-widget elementor-widget-heading\" data-id=\"bd0bc09\" data-element_type=\"widget\" data-settings=\"{&quot;_animation&quot;:&quot;fadeInLeft&quot;}\" data-widget_type=\"heading.default\">\r\n\t\t\t\t<div class=\"elementor-widget-container\">\r\n\t\t\t<h1 class=\"elementor-heading-title elementor-size-default\">Itens<\/h1>\t\t<\/div>\r\n\t\t\t\t<\/div>\r\n\t\t\t\t<div class=\"elementor-element elementor-element-ab7558e elementor-icon-list--layout-traditional elementor-list-item-link-full_width elementor-widget elementor-widget-icon-list\" data-id=\"ab7558e\" data-element_type=\"widget\" data-widget_type=\"icon-list.default\">\r\n\t\t\t\t<div class=\"elementor-widget-container\">\r\n\t\t\t\t\t<ul class=\"elementor-icon-list-items\">\r\n\t\t\t\t\t\t\t<li class=\"elementor-icon-list-item\">\r\n\t\t\t\t\t\t\t\t\t\t\t<span class=\"elementor-icon-list-icon\">\r\n\t\t\t\t\t\t\t<i aria-hidden=\"true\" class=\"far fa-clock\"><\/i>\t\t\t\t\t\t<\/span>\r\n\t\t\t\t\t\t\t\t\t\t<span class=\"elementor-icon-list-text\">INTERVEN\u00c7\u00c3O - 2hrs<\/span>\r\n\t\t\t\t\t\t\t\t\t<\/li>\r\n\t\t\t\t\t\t\t\t<li class=\"elementor-icon-list-item\">\r\n\t\t\t\t\t\t\t\t\t\t\t<span class=\"elementor-icon-list-icon\">\r\n\t\t\t\t\t\t\t<i aria-hidden=\"true\" class=\"far fa-eye-slash\"><\/i>\t\t\t\t\t\t<\/span>\r\n\t\t\t\t\t\t\t\t\t\t<span class=\"elementor-icon-list-text\">ANESTESIA - geral<\/span>\r\n\t\t\t\t\t\t\t\t\t<\/li>\r\n\t\t\t\t\t\t\t\t<li class=\"elementor-icon-list-item\">\r\n\t\t\t\t\t\t\t\t\t\t\t<span class=\"elementor-icon-list-icon\">\r\n\t\t\t\t\t\t\t<i aria-hidden=\"true\" class=\"fas fa-bed\"><\/i>\t\t\t\t\t\t<\/span>\r\n\t\t\t\t\t\t\t\t\t\t<span class=\"elementor-icon-list-text\">CAMA - 1 dia<\/span>\r\n\t\t\t\t\t\t\t\t\t<\/li>\r\n\t\t\t\t\t\t\t\t<li class=\"elementor-icon-list-item\">\r\n\t\t\t\t\t\t\t\t\t\t\t<span class=\"elementor-icon-list-icon\">\r\n\t\t\t\t\t\t\t<i aria-hidden=\"true\" class=\"fas fa-check\"><\/i>\t\t\t\t\t\t<\/span>\r\n\t\t\t\t\t\t\t\t\t\t<span class=\"elementor-icon-list-text\">EFEITO - 15 dias<\/span>\r\n\t\t\t\t\t\t\t\t\t<\/li>\r\n\t\t\t\t\t\t\t\t<li class=\"elementor-icon-list-item\">\r\n\t\t\t\t\t\t\t\t\t\t\t<span class=\"elementor-icon-list-icon\">\r\n\t\t\t\t\t\t\t<i aria-hidden=\"true\" class=\"fas fa-check-circle\"><\/i>\t\t\t\t\t\t<\/span>\r\n\t\t\t\t\t\t\t\t\t\t<span class=\"elementor-icon-list-text\">RECUPERA\u00c7\u00c3O - 1 semana<\/span>\r\n\t\t\t\t\t\t\t\t\t<\/li>\r\n\t\t\t\t\t\t\t\t<li class=\"elementor-icon-list-item\">\r\n\t\t\t\t\t\t\t\t\t\t\t<span class=\"elementor-icon-list-icon\">\r\n\t\t\t\t\t\t\t<i aria-hidden=\"true\" class=\"far fa-heart\"><\/i>\t\t\t\t\t\t<\/span>\r\n\t\t\t\t\t\t\t\t\t\t<span class=\"elementor-icon-list-text\">RESULTADO - Dur\u00e1vel<\/span>\r\n\t\t\t\t\t\t\t\t\t<\/li>\r\n\t\t\t\t\t\t<\/ul>\r\n\t\t\t\t<\/div>\r\n\t\t\t\t<\/div>\r\n\t\t\t\t<div class=\"elementor-element elementor-element-ef1181f elementor-align-justify elementor-widget elementor-widget-button\" data-id=\"ef1181f\" data-element_type=\"widget\" data-widget_type=\"button.default\">\r\n\t\t\t\t<div class=\"elementor-widget-container\">\r\n\t\t\t\t\t<div class=\"elementor-button-wrapper\">\r\n\t\t\t<a href=\"https:\/\/wa.me\/558594024317?text=Ol%C3%A1%2C%20gostaria%20de%20mais%20informa%C3%A7%C3%B5es%20sobre%20o%20Complexo%20Lift\" target=\"_blank\" class=\"elementor-button-link elementor-button elementor-size-sm\" role=\"button\">\r\n\t\t\t\t\t\t<span class=\"elementor-button-content-wrapper\">\r\n\t\t\t\t\t\t<span class=\"elementor-button-text\">D\u00favidas<\/span>\r\n\t\t<\/span>\r\n\t\t\t\t\t<\/a>\r\n\t\t<\/div>\r\n\t\t\t\t<\/div>\r\n\t\t\t\t<\/div>\r\n\t\t\t\t\t<\/div>\r\n\t\t<\/div>\r\n\t\t\t\t\t\t\t<\/div>\r\n\t\t<\/section>\r\n\t\t\t\t\t<\/div>\r\n\t\t<\/div>\r\n\t\t\t\t\t\t\t<\/div>\r\n\t\t<\/section>\r\n\t\t\t\t<section class=\"elementor-section elementor-top-section elementor-element elementor-element-70c389c elementor-section-boxed elementor-section-height-default elementor-section-height-default\" data-id=\"70c389c\" data-element_type=\"section\" data-settings=\"{&quot;background_background&quot;:&quot;classic&quot;}\">\r\n\t\t\t\t\t\t<div class=\"elementor-container elementor-column-gap-default\">\r\n\t\t\t\t\t<div class=\"elementor-column elementor-col-100 elementor-top-column elementor-element elementor-element-eb5ff06\" data-id=\"eb5ff06\" data-element_type=\"column\">\r\n\t\t\t<div class=\"elementor-widget-wrap elementor-element-populated\">\r\n\t\t\t\t\t\t\t\t<div class=\"elementor-element elementor-element-dce7188 elementor-hidden-phone elementor-invisible elementor-widget elementor-widget-heading\" data-id=\"dce7188\" data-element_type=\"widget\" data-settings=\"{&quot;_animation&quot;:&quot;fadeIn&quot;}\" data-widget_type=\"heading.default\">\r\n\t\t\t\t<div class=\"elementor-widget-container\">\r\n\t\t\t<h5 class=\"elementor-heading-title elementor-size-medium\">Procedimento cir\u00fargico<\/h5>\t\t<\/div>\r\n\t\t\t\t<\/div>\r\n\t\t\t\t<div class=\"elementor-element elementor-element-2de4283 elementor-invisible elementor-widget elementor-widget-heading\" data-id=\"2de4283\" data-element_type=\"widget\" data-settings=\"{&quot;_animation&quot;:&quot;fadeInRight&quot;}\" data-widget_type=\"heading.default\">\r\n\t\t\t\t<div class=\"elementor-widget-container\">\r\n\t\t\t<h2 class=\"elementor-heading-title elementor-size-xxl\">Conhe\u00e7a<\/h2>\t\t<\/div>\r\n\t\t\t\t<\/div>\r\n\t\t\t\t<div class=\"elementor-element elementor-element-8b50b6f elementor-widget-divider--view-line elementor-invisible elementor-widget elementor-widget-divider\" data-id=\"8b50b6f\" data-element_type=\"widget\" data-settings=\"{&quot;_animation&quot;:&quot;fadeInUp&quot;}\" data-widget_type=\"divider.default\">\r\n\t\t\t\t<div class=\"elementor-widget-container\">\r\n\t\t\t\t\t<div class=\"elementor-divider\">\r\n\t\t\t<span class=\"elementor-divider-separator\">\r\n\t\t\t\t\t\t<\/span>\r\n\t\t<\/div>\r\n\t\t\t\t<\/div>\r\n\t\t\t\t<\/div>\r\n\t\t\t\t<div class=\"elementor-element elementor-element-f94b10b elementor-invisible elementor-widget elementor-widget-text-editor\" data-id=\"f94b10b\" data-element_type=\"widget\" data-settings=\"{&quot;_animation&quot;:&quot;fadeIn&quot;}\" data-widget_type=\"text-editor.default\">\r\n\t\t\t\t<div class=\"elementor-widget-container\">\r\n\t\t\t\t\t\t\t\t<p><strong>EM QUE CONSISTE<\/strong><\/p><p>A t\u00e9cnica ir\u00e1 variar dependendo do grau de flacidez:<\/p><p><strong>GRAU I<\/strong><\/p><p>Nesse est\u00e1gio, a flacidez \u00e9 incipiente e geralmente \u00e9 suficiente para realizar sess\u00f5es de radiofreq\u00fc\u00eancia corporal. \u00c9 um tratamento indolor que n\u00e3o requer anestesia.<\/p><p>O calor aplicado favorece a drenagem linf\u00e1tica, bem como a forma\u00e7\u00e3o de novo col\u00e1geno. A pele reafirma em pouco tempo permitindo que os bra\u00e7os recuperem a firmeza.<\/p><p>A sess\u00e3o dura de 30 a 45 minutos. O efeito tensorial melhora gradualmente at\u00e9 atingir seu pico ap\u00f3s tr\u00eas meses do tratamento.<\/p><p><strong>GRAU II<\/strong><\/p><p>Dentro do Grau II h\u00e1 distens\u00e3o no bra\u00e7o devido, em vez de flacidez, a um excesso de gordura que faz com que o bra\u00e7o adquira uma forma de p\u00eandulo. Sem deixar cicatrizes, podemos extrair o excesso de gordura atrav\u00e9s da lipoaspira\u00e7\u00e3o e, assim, descarregar o peso para o bra\u00e7o, para que a pele se retraia sozinha.<\/p><p><strong>GRAU III<\/strong><\/p><p>O efeito do bra\u00e7o do p\u00eandulo \u00e9 causado pela flacidez da pele e pelo excesso de gordura. Quando a pele \u00e9 deixada, a cirurgia de braquioplastia ser\u00e1 necess\u00e1ria para corrigi-lo.<\/p><p>Somente nos casos mais leves pode ser feito com uma incis\u00e3o sob a axila, mas se houver muita pele sobrando, ser\u00e1 necess\u00e1rio deixar uma cicatriz longitudinal na face interna dos bra\u00e7os, da axila ao cotovelo, a fim de extrair todo o excesso de pele. Neste caso, aconselhamos a interven\u00e7\u00e3o apenas para aqueles casos muito extremos, uma vez que vamos deixar uma longa cicatriz que \u00e9 dif\u00edcil de esconder.<\/p><p><strong>OS BENEF\u00cdCIOS<\/strong><\/p><p>Uma braquioplastia pode fornecer benef\u00edcios n\u00e3o apenas est\u00e9ticos, mas tamb\u00e9m funcionais; bra\u00e7os estilizados e harmoniosos s\u00e3o alcan\u00e7ados com o resto do corpo. As roupas se encaixam e se encaixam melhor, fazendo com que a pessoa se sinta mais confort\u00e1vel com sua imagem.<\/p><p><strong>PR\u00c9-OPERAT\u00d3RIO<\/strong><\/p><p>Como com qualquer interven\u00e7\u00e3o cir\u00fargica, um exame pr\u00e9-operat\u00f3rio do paciente \u00e9 necess\u00e1rio para detectar qualquer poss\u00edvel anomalia que possa contra-indicar a opera\u00e7\u00e3o.<\/p><p><strong>P\u00d3S-OPERAT\u00d3RIO<\/strong><\/p><p>Ap\u00f3s a opera\u00e7\u00e3o da braquioplastia, \u00e9 importante usar uma vestimenta de press\u00e3o sobre a \u00e1rea operada (mangas el\u00e1sticas) por um per\u00edodo de 15 a 20 dias.<\/p><p>Durante os primeiros dias, pode sentir algum desconforto ou dor controlada com medica\u00e7\u00e3o.<\/p><p>Apenas 7 dias para voltar ao trabalho normalmente. No entanto, exerc\u00edcios fortes devem ser evitados at\u00e9 que se sinta confort\u00e1vel.<\/p><p>Embora as cicatrizes nunca desapare\u00e7am, elas se tornam menos vis\u00edveis com o tempo.<\/p><p><strong>QUE PACIENTES S\u00c3O BONS CANDIDATOS A BRAQUIOPLASTIA?<\/strong><\/p><p>A braquioplastia \u00e9 indicado para aqueles pacientes que experimentaram perda repentina de peso ou pacientes idosos com sintomas de flacidez dos bra\u00e7os.<\/p><p><strong>QUANDO SE PODE RETORNAR A VIDA NORMAL?<\/strong><\/p><p>Aproximadamente 15 a 45 dias ap\u00f3s a interven\u00e7\u00e3o, voc\u00ea pode retomar uma vida normal, sempre sob a supervis\u00e3o do especialista.<\/p>\t\t\t\t\t\t<\/div>\r\n\t\t\t\t<\/div>\r\n\t\t\t\t<div class=\"elementor-element elementor-element-3c92009 elementor-align-left elementor-invisible elementor-widget elementor-widget-button\" data-id=\"3c92009\" data-element_type=\"widget\" data-settings=\"{&quot;_animation&quot;:&quot;fadeInUp&quot;,&quot;_animation_delay&quot;:800}\" data-widget_type=\"button.default\">\r\n\t\t\t\t<div class=\"elementor-widget-container\">\r\n\t\t\t\t\t<div class=\"elementor-button-wrapper\">\r\n\t\t\t<a href=\"https:\/\/wa.me\/558594024317?text=Ol%C3%A1%2C%20gostaria%20de%20mais%20informa%C3%A7%C3%B5es%20sobre%20o%20Complexo%20Lift\" target=\"_blank\" class=\"elementor-button-link elementor-button elementor-size-md elementor-animation-sink\" role=\"button\">\r\n\t\t\t\t\t\t<span class=\"elementor-button-content-wrapper\">\r\n\t\t\t\t\t\t<span class=\"elementor-button-icon elementor-align-icon-right\">\r\n\t\t\t\t<i aria-hidden=\"true\" class=\"fas fa-angle-right\"><\/i>\t\t\t<\/span>\r\n\t\t\t\t\t\t<span class=\"elementor-button-text\">Agendar Consulta<\/span>\r\n\t\t<\/span>\r\n\t\t\t\t\t<\/a>\r\n\t\t<\/div>\r\n\t\t\t\t<\/div>\r\n\t\t\t\t<\/div>\r\n\t\t\t\t\t<\/div>\r\n\t\t<\/div>\r\n\t\t\t\t\t\t\t<\/div>\r\n\t\t<\/section>\r\n\t\t\t\t\t\t<\/div>\r\n\t\t\t\t\t<\/div>\r\n\t\t","protected":false},"excerpt":{"rendered":"<p>Braquioplastia whatsapp rESUMO Depois dos 40, os bra\u00e7os ca\u00eddos come\u00e7am a aparecer em algumas mulheres. \u00c9 importante distinguir os diferentes graus de flacidez do contorno dos bra\u00e7os, pois a escolha do m\u00e9todo depender\u00e1, em grande parte, do grau de flacidez que eles apresentam. Itens INTERVEN\u00c7\u00c3O &#8211; 2hrs ANESTESIA &#8211; geral CAMA &#8211; 1 dia EFEITO [&hellip;]<\/p>\n","protected":false},"author":1,"featured_media":0,"parent":0,"menu_order":0,"comment_status":"closed","ping_status":"closed","template":"","meta":{"footnotes":""},"yoast_head":"<!-- This site is optimized with the Yoast SEO plugin v22.2 - https:\/\/yoast.com\/wordpress\/plugins\/seo\/ -->\n<title>Cirurgia Pl\u00e1stica de Braquioplastia em Fortaleza - Lift Complexo<\/title>\n<meta name=\"description\" content=\"O Lift Complexo Realiza Procedimento de Cirurgia Pl\u00e1stica de Braquioplastia em Fortaleza. Conhe\u00e7a Agora e Marque Sua Consulta com Nossa Equipe.\" \/>\n<meta name=\"robots\" content=\"index, follow, max-snippet:-1, max-image-preview:large, max-video-preview:-1\" \/>\n<link rel=\"canonical\" href=\"https:\/\/liftcomplexo.com.br\/?page_id=544\" \/>\n<meta property=\"og:locale\" content=\"pt_BR\" \/>\n<meta property=\"og:type\" content=\"article\" \/>\n<meta property=\"og:title\" content=\"Cirurgia Pl\u00e1stica de Braquioplastia em Fortaleza - Lift Complexo\" \/>\n<meta property=\"og:description\" content=\"O Lift Complexo Realiza Procedimento de Cirurgia Pl\u00e1stica de Braquioplastia em Fortaleza. Conhe\u00e7a Agora e Marque Sua Consulta com Nossa Equipe.\" \/>\n<meta property=\"og:url\" content=\"https:\/\/liftcomplexo.com.br\/?page_id=544\" \/>\n<meta property=\"article:modified_time\" content=\"2025-11-18T18:54:31+00:00\" \/>\n<meta property=\"og:image\" content=\"http:\/\/liftcomplexo.com.br\/wp-content\/uploads\/2024\/03\/cb4ed18dabb5549a38cbc91d5d138746.jpg\" \/>\n<meta name=\"twitter:card\" content=\"summary_large_image\" \/>\n<meta name=\"twitter:label1\" content=\"Est. tempo de leitura\" \/>\n\t<meta name=\"twitter:data1\" content=\"3 minutos\" \/>\n<script type=\"application\/ld+json\" class=\"yoast-schema-graph\">{\"@context\":\"https:\/\/schema.org\",\"@graph\":[{\"@type\":\"WebPage\",\"@id\":\"https:\/\/liftcomplexo.com.br\/?page_id=544\",\"url\":\"https:\/\/liftcomplexo.com.br\/?page_id=544\",\"name\":\"Cirurgia Pl\u00e1stica de Braquioplastia em Fortaleza - Lift Complexo\",\"isPartOf\":{\"@id\":\"https:\/\/liftcomplexo.com.br\/#website\"},\"primaryImageOfPage\":{\"@id\":\"https:\/\/liftcomplexo.com.br\/?page_id=544#primaryimage\"},\"image\":{\"@id\":\"https:\/\/liftcomplexo.com.br\/?page_id=544#primaryimage\"},\"thumbnailUrl\":\"http:\/\/liftcomplexo.com.br\/wp-content\/uploads\/2024\/03\/cb4ed18dabb5549a38cbc91d5d138746.jpg\",\"datePublished\":\"2024-03-18T20:22:55+00:00\",\"dateModified\":\"2025-11-18T18:54:31+00:00\",\"description\":\"O Lift Complexo Realiza Procedimento de Cirurgia Pl\u00e1stica de Braquioplastia em Fortaleza. Conhe\u00e7a Agora e Marque Sua Consulta com Nossa Equipe.\",\"breadcrumb\":{\"@id\":\"https:\/\/liftcomplexo.com.br\/?page_id=544#breadcrumb\"},\"inLanguage\":\"pt-BR\",\"potentialAction\":[{\"@type\":\"ReadAction\",\"target\":[\"https:\/\/liftcomplexo.com.br\/?page_id=544\"]}]},{\"@type\":\"ImageObject\",\"inLanguage\":\"pt-BR\",\"@id\":\"https:\/\/liftcomplexo.com.br\/?page_id=544#primaryimage\",\"url\":\"http:\/\/liftcomplexo.com.br\/wp-content\/uploads\/2024\/03\/cb4ed18dabb5549a38cbc91d5d138746.jpg\",\"contentUrl\":\"http:\/\/liftcomplexo.com.br\/wp-content\/uploads\/2024\/03\/cb4ed18dabb5549a38cbc91d5d138746.jpg\"},{\"@type\":\"BreadcrumbList\",\"@id\":\"https:\/\/liftcomplexo.com.br\/?page_id=544#breadcrumb\",\"itemListElement\":[{\"@type\":\"ListItem\",\"position\":1,\"name\":\"In\u00edcio\",\"item\":\"https:\/\/liftcomplexo.com.br\/\"},{\"@type\":\"ListItem\",\"position\":2,\"name\":\"Braquioplastia\"}]},{\"@type\":\"WebSite\",\"@id\":\"https:\/\/liftcomplexo.com.br\/#website\",\"url\":\"https:\/\/liftcomplexo.com.br\/\",\"name\":\"\",\"description\":\"\",\"potentialAction\":[{\"@type\":\"SearchAction\",\"target\":{\"@type\":\"EntryPoint\",\"urlTemplate\":\"https:\/\/liftcomplexo.com.br\/?s={search_term_string}\"},\"query-input\":\"required name=search_term_string\"}],\"inLanguage\":\"pt-BR\"}]}<\/script>\n<!-- \/ Yoast SEO plugin. -->","yoast_head_json":{"title":"Cirurgia Pl\u00e1stica de Braquioplastia em Fortaleza - Lift Complexo","description":"O Lift Complexo Realiza Procedimento de Cirurgia Pl\u00e1stica de Braquioplastia em Fortaleza. Conhe\u00e7a Agora e Marque Sua Consulta com Nossa Equipe.","robots":{"index":"index","follow":"follow","max-snippet":"max-snippet:-1","max-image-preview":"max-image-preview:large","max-video-preview":"max-video-preview:-1"},"canonical":"https:\/\/liftcomplexo.com.br\/?page_id=544","og_locale":"pt_BR","og_type":"article","og_title":"Cirurgia Pl\u00e1stica de Braquioplastia em Fortaleza - Lift Complexo","og_description":"O Lift Complexo Realiza Procedimento de Cirurgia Pl\u00e1stica de Braquioplastia em Fortaleza. Conhe\u00e7a Agora e Marque Sua Consulta com Nossa Equipe.","og_url":"https:\/\/liftcomplexo.com.br\/?page_id=544","article_modified_time":"2025-11-18T18:54:31+00:00","og_image":[{"url":"http:\/\/liftcomplexo.com.br\/wp-content\/uploads\/2024\/03\/cb4ed18dabb5549a38cbc91d5d138746.jpg"}],"twitter_card":"summary_large_image","twitter_misc":{"Est. tempo de leitura":"3 minutos"},"schema":{"@context":"https:\/\/schema.org","@graph":[{"@type":"WebPage","@id":"https:\/\/liftcomplexo.com.br\/?page_id=544","url":"https:\/\/liftcomplexo.com.br\/?page_id=544","name":"Cirurgia Pl\u00e1stica de Braquioplastia em Fortaleza - Lift Complexo","isPartOf":{"@id":"https:\/\/liftcomplexo.com.br\/#website"},"primaryImageOfPage":{"@id":"https:\/\/liftcomplexo.com.br\/?page_id=544#primaryimage"},"image":{"@id":"https:\/\/liftcomplexo.com.br\/?page_id=544#primaryimage"},"thumbnailUrl":"http:\/\/liftcomplexo.com.br\/wp-content\/uploads\/2024\/03\/cb4ed18dabb5549a38cbc91d5d138746.jpg","datePublished":"2024-03-18T20:22:55+00:00","dateModified":"2025-11-18T18:54:31+00:00","description":"O Lift Complexo Realiza Procedimento de Cirurgia Pl\u00e1stica de Braquioplastia em Fortaleza. Conhe\u00e7a Agora e Marque Sua Consulta com Nossa Equipe.","breadcrumb":{"@id":"https:\/\/liftcomplexo.com.br\/?page_id=544#breadcrumb"},"inLanguage":"pt-BR","potentialAction":[{"@type":"ReadAction","target":["https:\/\/liftcomplexo.com.br\/?page_id=544"]}]},{"@type":"ImageObject","inLanguage":"pt-BR","@id":"https:\/\/liftcomplexo.com.br\/?page_id=544#primaryimage","url":"http:\/\/liftcomplexo.com.br\/wp-content\/uploads\/2024\/03\/cb4ed18dabb5549a38cbc91d5d138746.jpg","contentUrl":"http:\/\/liftcomplexo.com.br\/wp-content\/uploads\/2024\/03\/cb4ed18dabb5549a38cbc91d5d138746.jpg"},{"@type":"BreadcrumbList","@id":"https:\/\/liftcomplexo.com.br\/?page_id=544#breadcrumb","itemListElement":[{"@type":"ListItem","position":1,"name":"In\u00edcio","item":"https:\/\/liftcomplexo.com.br\/"},{"@type":"ListItem","position":2,"name":"Braquioplastia"}]},{"@type":"WebSite","@id":"https:\/\/liftcomplexo.com.br\/#website","url":"https:\/\/liftcomplexo.com.br\/","name":"","description":"","potentialAction":[{"@type":"SearchAction","target":{"@type":"EntryPoint","urlTemplate":"https:\/\/liftcomplexo.com.br\/?s={search_term_string}"},"query-input":"required name=search_term_string"}],"inLanguage":"pt-BR"}]}},"_links":{"self":[{"href":"https:\/\/liftcomplexo.com.br\/index.php?rest_route=\/wp\/v2\/pages\/544"}],"collection":[{"href":"https:\/\/liftcomplexo.com.br\/index.php?rest_route=\/wp\/v2\/pages"}],"about":[{"href":"https:\/\/liftcomplexo.com.br\/index.php?rest_route=\/wp\/v2\/types\/page"}],"author":[{"embeddable":true,"href":"https:\/\/liftcomplexo.com.br\/index.php?rest_route=\/wp\/v2\/users\/1"}],"replies":[{"embeddable":true,"href":"https:\/\/liftcomplexo.com.br\/index.php?rest_route=%2Fwp%2Fv2%2Fcomments&post=544"}],"version-history":[{"count":28,"href":"https:\/\/liftcomplexo.com.br\/index.php?rest_route=\/wp\/v2\/pages\/544\/revisions"}],"predecessor-version":[{"id":2227,"href":"https:\/\/liftcomplexo.com.br\/index.php?rest_route=\/wp\/v2\/pages\/544\/revisions\/2227"}],"wp:attachment":[{"href":"https:\/\/liftcomplexo.com.br\/index.php?rest_route=%2Fwp%2Fv2%2Fmedia&parent=544"}],"curies":[{"name":"wp","href":"https:\/\/api.w.org\/{rel}","templated":true}]}}