{"id":517,"date":"2024-03-18T16:52:32","date_gmt":"2024-03-18T19:52:32","guid":{"rendered":"https:\/\/cirurgiaplasticapassofundo.com.br\/?page_id=517"},"modified":"2025-11-18T15:59:24","modified_gmt":"2025-11-18T18:59:24","slug":"preenchimento-labial","status":"publish","type":"page","link":"https:\/\/liftcomplexo.com.br\/?page_id=517","title":{"rendered":"Preenchimento Labial"},"content":{"rendered":"\t\t<div data-elementor-type=\"wp-page\" data-elementor-id=\"517\" class=\"elementor elementor-517\" data-elementor-settings=\"[]\">\r\n\t\t\t\t\t\t\t<div class=\"elementor-section-wrap\">\r\n\t\t\t\t\t\t\t<section class=\"elementor-section elementor-top-section elementor-element elementor-element-4258019 elementor-section-boxed elementor-section-height-default elementor-section-height-default\" data-id=\"4258019\" data-element_type=\"section\" data-settings=\"{&quot;background_background&quot;:&quot;classic&quot;}\">\r\n\t\t\t\t\t\t<div class=\"elementor-container elementor-column-gap-default\">\r\n\t\t\t\t\t<div class=\"elementor-column elementor-col-50 elementor-top-column elementor-element elementor-element-b193ea9\" data-id=\"b193ea9\" data-element_type=\"column\">\r\n\t\t\t<div class=\"elementor-widget-wrap elementor-element-populated\">\r\n\t\t\t\t\t\t\t\t<div class=\"elementor-element elementor-element-1fd2ddd elementor-hidden-phone elementor-invisible elementor-widget elementor-widget-spacer\" data-id=\"1fd2ddd\" data-element_type=\"widget\" data-settings=\"{&quot;_animation&quot;:&quot;fadeInDown&quot;}\" data-widget_type=\"spacer.default\">\r\n\t\t\t\t<div class=\"elementor-widget-container\">\r\n\t\t\t\t\t<div class=\"elementor-spacer\">\r\n\t\t\t<div class=\"elementor-spacer-inner\"><\/div>\r\n\t\t<\/div>\r\n\t\t\t\t<\/div>\r\n\t\t\t\t<\/div>\r\n\t\t\t\t<div class=\"elementor-element elementor-element-d2cbccf elementor-invisible elementor-widget elementor-widget-heading\" data-id=\"d2cbccf\" data-element_type=\"widget\" data-settings=\"{&quot;_animation&quot;:&quot;fadeInLeft&quot;}\" data-widget_type=\"heading.default\">\r\n\t\t\t\t<div class=\"elementor-widget-container\">\r\n\t\t\t<h1 class=\"elementor-heading-title elementor-size-default\">Preenchimento Labial<\/h1>\t\t<\/div>\r\n\t\t\t\t<\/div>\r\n\t\t\t\t<div class=\"elementor-element elementor-element-320c9d3 elementor-align-right elementor-hidden-phone elementor-invisible elementor-widget elementor-widget-button\" data-id=\"320c9d3\" data-element_type=\"widget\" data-settings=\"{&quot;_animation&quot;:&quot;fadeInUp&quot;,&quot;_animation_delay&quot;:800}\" data-widget_type=\"button.default\">\r\n\t\t\t\t<div class=\"elementor-widget-container\">\r\n\t\t\t\t\t<div class=\"elementor-button-wrapper\">\r\n\t\t\t<a href=\"https:\/\/wa.me\/558594024317?text=Ol%C3%A1%2C%20gostaria%20de%20mais%20informa%C3%A7%C3%B5es%20sobre%20o%20Complexo%20Lift\" target=\"_blank\" class=\"elementor-button-link elementor-button elementor-size-md elementor-animation-sink\" role=\"button\">\r\n\t\t\t\t\t\t<span class=\"elementor-button-content-wrapper\">\r\n\t\t\t\t\t\t<span class=\"elementor-button-icon elementor-align-icon-right\">\r\n\t\t\t\t<i aria-hidden=\"true\" class=\"fas fa-angle-right\"><\/i>\t\t\t<\/span>\r\n\t\t\t\t\t\t<span class=\"elementor-button-text\">whatsapp<\/span>\r\n\t\t<\/span>\r\n\t\t\t\t\t<\/a>\r\n\t\t<\/div>\r\n\t\t\t\t<\/div>\r\n\t\t\t\t<\/div>\r\n\t\t\t\t\t<\/div>\r\n\t\t<\/div>\r\n\t\t\t\t<div class=\"elementor-column elementor-col-50 elementor-top-column elementor-element elementor-element-2e984bc\" data-id=\"2e984bc\" data-element_type=\"column\">\r\n\t\t\t<div class=\"elementor-widget-wrap elementor-element-populated\">\r\n\t\t\t\t\t\t\t\t<div class=\"elementor-element elementor-element-20c467b elementor-invisible elementor-widget elementor-widget-heading\" data-id=\"20c467b\" data-element_type=\"widget\" data-settings=\"{&quot;_animation&quot;:&quot;fadeIn&quot;}\" data-widget_type=\"heading.default\">\r\n\t\t\t\t<div class=\"elementor-widget-container\">\r\n\t\t\t<h5 class=\"elementor-heading-title elementor-size-medium\">rESUMO<\/h5>\t\t<\/div>\r\n\t\t\t\t<\/div>\r\n\t\t\t\t<div class=\"elementor-element elementor-element-a553135 elementor-invisible elementor-widget elementor-widget-text-editor\" data-id=\"a553135\" data-element_type=\"widget\" data-settings=\"{&quot;_animation&quot;:&quot;fadeIn&quot;}\" data-widget_type=\"text-editor.default\">\r\n\t\t\t\t<div class=\"elementor-widget-container\">\r\n\t\t\t\t\t\t\t\t<p>Uma das \u00e1reas que mais nos preocupamos com as mulheres s\u00e3o os l\u00e1bios. Um lindo sorriso com l\u00e1bios sensuais e bem definidos proporciona grande apelo.f<\/p>\t\t\t\t\t\t<\/div>\r\n\t\t\t\t<\/div>\r\n\t\t\t\t\t<\/div>\r\n\t\t<\/div>\r\n\t\t\t\t\t\t\t<\/div>\r\n\t\t<\/section>\r\n\t\t\t\t<section class=\"elementor-section elementor-top-section elementor-element elementor-element-1a33cef elementor-section-boxed elementor-section-height-default elementor-section-height-default\" data-id=\"1a33cef\" data-element_type=\"section\">\r\n\t\t\t\t\t\t<div class=\"elementor-container elementor-column-gap-no\">\r\n\t\t\t\t\t<div class=\"elementor-column elementor-col-50 elementor-top-column elementor-element elementor-element-923776f\" data-id=\"923776f\" data-element_type=\"column\">\r\n\t\t\t<div class=\"elementor-widget-wrap elementor-element-populated\">\r\n\t\t\t\t\t\t\t\t<div class=\"elementor-element elementor-element-ee0e70c elementor-widget elementor-widget-image\" data-id=\"ee0e70c\" data-element_type=\"widget\" data-widget_type=\"image.default\">\r\n\t\t\t\t<div class=\"elementor-widget-container\">\r\n\t\t\t\t\t\t\t\t\t\t\t\t\t\t\t<img loading=\"lazy\" decoding=\"async\" width=\"800\" height=\"600\" src=\"https:\/\/liftcomplexo.com.br\/wp-content\/uploads\/2024\/03\/74a22cb75792ed2e8132f1cf9d23909b.jpg\" class=\"attachment-large size-large\" alt=\"\" srcset=\"https:\/\/liftcomplexo.com.br\/wp-content\/uploads\/2024\/03\/74a22cb75792ed2e8132f1cf9d23909b.jpg 960w, https:\/\/liftcomplexo.com.br\/wp-content\/uploads\/2024\/03\/74a22cb75792ed2e8132f1cf9d23909b-300x225.jpg 300w, https:\/\/liftcomplexo.com.br\/wp-content\/uploads\/2024\/03\/74a22cb75792ed2e8132f1cf9d23909b-768x576.jpg 768w\" sizes=\"(max-width: 800px) 100vw, 800px\" \/>\t\t\t\t\t\t\t\t\t\t\t\t\t\t\t<\/div>\r\n\t\t\t\t<\/div>\r\n\t\t\t\t\t<\/div>\r\n\t\t<\/div>\r\n\t\t\t\t<div class=\"elementor-column elementor-col-50 elementor-top-column elementor-element elementor-element-ce43d16\" data-id=\"ce43d16\" data-element_type=\"column\">\r\n\t\t\t<div class=\"elementor-widget-wrap elementor-element-populated\">\r\n\t\t\t\t\t\t\t\t<section class=\"elementor-section elementor-inner-section elementor-element elementor-element-945d816 elementor-section-boxed elementor-section-height-default elementor-section-height-default\" data-id=\"945d816\" data-element_type=\"section\">\r\n\t\t\t\t\t\t<div class=\"elementor-container elementor-column-gap-default\">\r\n\t\t\t\t\t<div class=\"elementor-column elementor-col-100 elementor-inner-column elementor-element elementor-element-d3c81d1\" data-id=\"d3c81d1\" data-element_type=\"column\">\r\n\t\t\t<div class=\"elementor-widget-wrap elementor-element-populated\">\r\n\t\t\t\t\t\t\t\t<div class=\"elementor-element elementor-element-903f4da elementor-invisible elementor-widget elementor-widget-heading\" data-id=\"903f4da\" data-element_type=\"widget\" data-settings=\"{&quot;_animation&quot;:&quot;fadeInLeft&quot;}\" data-widget_type=\"heading.default\">\r\n\t\t\t\t<div class=\"elementor-widget-container\">\r\n\t\t\t<h1 class=\"elementor-heading-title elementor-size-default\">Itens<\/h1>\t\t<\/div>\r\n\t\t\t\t<\/div>\r\n\t\t\t\t<div class=\"elementor-element elementor-element-4ebfd21 elementor-icon-list--layout-traditional elementor-list-item-link-full_width elementor-widget elementor-widget-icon-list\" data-id=\"4ebfd21\" data-element_type=\"widget\" data-widget_type=\"icon-list.default\">\r\n\t\t\t\t<div class=\"elementor-widget-container\">\r\n\t\t\t\t\t<ul class=\"elementor-icon-list-items\">\r\n\t\t\t\t\t\t\t<li class=\"elementor-icon-list-item\">\r\n\t\t\t\t\t\t\t\t\t\t\t<span class=\"elementor-icon-list-icon\">\r\n\t\t\t\t\t\t\t<i aria-hidden=\"true\" class=\"far fa-clock\"><\/i>\t\t\t\t\t\t<\/span>\r\n\t\t\t\t\t\t\t\t\t\t<span class=\"elementor-icon-list-text\">INTERVEN\u00c7\u00c3O - 10 minutos<\/span>\r\n\t\t\t\t\t\t\t\t\t<\/li>\r\n\t\t\t\t\t\t\t\t<li class=\"elementor-icon-list-item\">\r\n\t\t\t\t\t\t\t\t\t\t\t<span class=\"elementor-icon-list-icon\">\r\n\t\t\t\t\t\t\t<i aria-hidden=\"true\" class=\"far fa-eye-slash\"><\/i>\t\t\t\t\t\t<\/span>\r\n\t\t\t\t\t\t\t\t\t\t<span class=\"elementor-icon-list-text\">ANESTESIA - local<\/span>\r\n\t\t\t\t\t\t\t\t\t<\/li>\r\n\t\t\t\t\t\t\t\t<li class=\"elementor-icon-list-item\">\r\n\t\t\t\t\t\t\t\t\t\t\t<span class=\"elementor-icon-list-icon\">\r\n\t\t\t\t\t\t\t<i aria-hidden=\"true\" class=\"fas fa-bed\"><\/i>\t\t\t\t\t\t<\/span>\r\n\t\t\t\t\t\t\t\t\t\t<span class=\"elementor-icon-list-text\">CAMA - n\u00e3o obrigat\u00f3rio<\/span>\r\n\t\t\t\t\t\t\t\t\t<\/li>\r\n\t\t\t\t\t\t\t\t<li class=\"elementor-icon-list-item\">\r\n\t\t\t\t\t\t\t\t\t\t\t<span class=\"elementor-icon-list-icon\">\r\n\t\t\t\t\t\t\t<i aria-hidden=\"true\" class=\"fas fa-check\"><\/i>\t\t\t\t\t\t<\/span>\r\n\t\t\t\t\t\t\t\t\t\t<span class=\"elementor-icon-list-text\">EFEITO - imediato<\/span>\r\n\t\t\t\t\t\t\t\t\t<\/li>\r\n\t\t\t\t\t\t\t\t<li class=\"elementor-icon-list-item\">\r\n\t\t\t\t\t\t\t\t\t\t\t<span class=\"elementor-icon-list-icon\">\r\n\t\t\t\t\t\t\t<i aria-hidden=\"true\" class=\"fas fa-check-circle\"><\/i>\t\t\t\t\t\t<\/span>\r\n\t\t\t\t\t\t\t\t\t\t<span class=\"elementor-icon-list-text\">RECUPERA\u00c7\u00c3O - 1 semana<\/span>\r\n\t\t\t\t\t\t\t\t\t<\/li>\r\n\t\t\t\t\t\t\t\t<li class=\"elementor-icon-list-item\">\r\n\t\t\t\t\t\t\t\t\t\t\t<span class=\"elementor-icon-list-icon\">\r\n\t\t\t\t\t\t\t<i aria-hidden=\"true\" class=\"far fa-heart\"><\/i>\t\t\t\t\t\t<\/span>\r\n\t\t\t\t\t\t\t\t\t\t<span class=\"elementor-icon-list-text\">RESULTADO - tempor\u00e1rio<\/span>\r\n\t\t\t\t\t\t\t\t\t<\/li>\r\n\t\t\t\t\t\t<\/ul>\r\n\t\t\t\t<\/div>\r\n\t\t\t\t<\/div>\r\n\t\t\t\t<div class=\"elementor-element elementor-element-e7d1227 elementor-align-justify elementor-widget elementor-widget-button\" data-id=\"e7d1227\" data-element_type=\"widget\" data-widget_type=\"button.default\">\r\n\t\t\t\t<div class=\"elementor-widget-container\">\r\n\t\t\t\t\t<div class=\"elementor-button-wrapper\">\r\n\t\t\t<a href=\"https:\/\/wa.me\/558594024317?text=Ol%C3%A1%2C%20gostaria%20de%20mais%20informa%C3%A7%C3%B5es%20sobre%20o%20Complexo%20Lift\" target=\"_blank\" class=\"elementor-button-link elementor-button elementor-size-sm\" role=\"button\">\r\n\t\t\t\t\t\t<span class=\"elementor-button-content-wrapper\">\r\n\t\t\t\t\t\t<span class=\"elementor-button-text\">D\u00favidas<\/span>\r\n\t\t<\/span>\r\n\t\t\t\t\t<\/a>\r\n\t\t<\/div>\r\n\t\t\t\t<\/div>\r\n\t\t\t\t<\/div>\r\n\t\t\t\t\t<\/div>\r\n\t\t<\/div>\r\n\t\t\t\t\t\t\t<\/div>\r\n\t\t<\/section>\r\n\t\t\t\t\t<\/div>\r\n\t\t<\/div>\r\n\t\t\t\t\t\t\t<\/div>\r\n\t\t<\/section>\r\n\t\t\t\t<section class=\"elementor-section elementor-top-section elementor-element elementor-element-6b928c3 elementor-section-boxed elementor-section-height-default elementor-section-height-default\" data-id=\"6b928c3\" data-element_type=\"section\" data-settings=\"{&quot;background_background&quot;:&quot;classic&quot;}\">\r\n\t\t\t\t\t\t<div class=\"elementor-container elementor-column-gap-default\">\r\n\t\t\t\t\t<div class=\"elementor-column elementor-col-100 elementor-top-column elementor-element elementor-element-7955391\" data-id=\"7955391\" data-element_type=\"column\">\r\n\t\t\t<div class=\"elementor-widget-wrap elementor-element-populated\">\r\n\t\t\t\t\t\t\t\t<div class=\"elementor-element elementor-element-a8307d7 elementor-hidden-phone elementor-invisible elementor-widget elementor-widget-heading\" data-id=\"a8307d7\" data-element_type=\"widget\" data-settings=\"{&quot;_animation&quot;:&quot;fadeIn&quot;}\" data-widget_type=\"heading.default\">\r\n\t\t\t\t<div class=\"elementor-widget-container\">\r\n\t\t\t<h5 class=\"elementor-heading-title elementor-size-medium\">Procedimento n\u00e3o cir\u00fargico<\/h5>\t\t<\/div>\r\n\t\t\t\t<\/div>\r\n\t\t\t\t<div class=\"elementor-element elementor-element-5335010 elementor-invisible elementor-widget elementor-widget-heading\" data-id=\"5335010\" data-element_type=\"widget\" data-settings=\"{&quot;_animation&quot;:&quot;fadeInRight&quot;}\" data-widget_type=\"heading.default\">\r\n\t\t\t\t<div class=\"elementor-widget-container\">\r\n\t\t\t<h2 class=\"elementor-heading-title elementor-size-xxl\">Conhe\u00e7a<\/h2>\t\t<\/div>\r\n\t\t\t\t<\/div>\r\n\t\t\t\t<div class=\"elementor-element elementor-element-94ab74d elementor-widget-divider--view-line elementor-invisible elementor-widget elementor-widget-divider\" data-id=\"94ab74d\" data-element_type=\"widget\" data-settings=\"{&quot;_animation&quot;:&quot;fadeInUp&quot;}\" data-widget_type=\"divider.default\">\r\n\t\t\t\t<div class=\"elementor-widget-container\">\r\n\t\t\t\t\t<div class=\"elementor-divider\">\r\n\t\t\t<span class=\"elementor-divider-separator\">\r\n\t\t\t\t\t\t<\/span>\r\n\t\t<\/div>\r\n\t\t\t\t<\/div>\r\n\t\t\t\t<\/div>\r\n\t\t\t\t<div class=\"elementor-element elementor-element-ca6d2c1 elementor-invisible elementor-widget elementor-widget-text-editor\" data-id=\"ca6d2c1\" data-element_type=\"widget\" data-settings=\"{&quot;_animation&quot;:&quot;fadeIn&quot;}\" data-widget_type=\"text-editor.default\">\r\n\t\t\t\t<div class=\"elementor-widget-container\">\r\n\t\t\t\t\t\t\t\t<p>A idade tamb\u00e9m revela problemas que afetam a harmonia est\u00e9tica do rosto, como a perda de volume nos l\u00e1bios.<\/p><p>Aumento de volume ou contribui\u00e7\u00e3o de volume nos l\u00e1bios \u00e9 um dos tratamentos de medicina est\u00e9tica mais realizados.<\/p><p>O \u00e1cido hialur\u00f4nico \u00e9 o produto estrela que uso como preenchimento d\u00e9rmico por causa de sua capacidade de reter fluido e atrair \u00e1gua, al\u00e9m de estimular a produ\u00e7\u00e3o de col\u00e1geno. \u00c9 um produto de preenchimento reabsorv\u00edvel, ou seja, n\u00e3o permanente ou definitivo, com dura\u00e7\u00e3o aproximada de cerca de 12 meses.<\/p><p>Realizo um estudo do perfil do seu l\u00e1bio e dependendo de suas prefer\u00eancias e gostos e adequado \u00e0 sua estrutura facial, podemos; quer redefinir apenas o contorno, ou aumentar o volume, e se necess\u00e1rio corrigir tamb\u00e9m as rugas verticais e rugas dos cantos dos l\u00e1bios, a fim de melhorar a apar\u00eancia geral do rosto.<\/p><p><strong>EM QUE CONSISTE<\/strong><\/p><p>O procedimento consiste em pequenas infiltra\u00e7\u00f5es do produto na \u00e1rea a ser tratada, n\u00e3o requer admiss\u00e3o, \u00e9 realizado com anestesia t\u00f3pica local. A aplica\u00e7\u00e3o \u00e9 subtil e gradual, dando prioridade \u00e0 naturalidade, para que o resultado possa ser avaliado com prud\u00eancia, para que, se necess\u00e1rio, seja realizada uma segunda sess\u00e3o ou retoque ap\u00f3s alguns dias.<\/p><p><strong>OS BENEF\u00cdCIOS<\/strong><\/p><p>Os resultados com este tipo de tratamento s\u00e3o geralmente um acabamento muito natural, proporcionando o volume apropriado e uma forma perfilada dos l\u00e1bios. Geralmente, quando um refor\u00e7o \u00e9 realizado dentro do primeiro ano, o que \u00e9 feito \u00e9 adicionar volume em duas fases, encontrando o tamanho ideal e desejado na segunda sess\u00e3o.<\/p>\t\t\t\t\t\t<\/div>\r\n\t\t\t\t<\/div>\r\n\t\t\t\t<div class=\"elementor-element elementor-element-7f84384 elementor-align-left elementor-invisible elementor-widget elementor-widget-button\" data-id=\"7f84384\" data-element_type=\"widget\" data-settings=\"{&quot;_animation&quot;:&quot;fadeInUp&quot;,&quot;_animation_delay&quot;:800}\" data-widget_type=\"button.default\">\r\n\t\t\t\t<div class=\"elementor-widget-container\">\r\n\t\t\t\t\t<div class=\"elementor-button-wrapper\">\r\n\t\t\t<a href=\"https:\/\/wa.me\/558594024317?text=Ol%C3%A1%2C%20gostaria%20de%20mais%20informa%C3%A7%C3%B5es%20sobre%20o%20Complexo%20Lift\" target=\"_blank\" class=\"elementor-button-link elementor-button elementor-size-md elementor-animation-sink\" role=\"button\">\r\n\t\t\t\t\t\t<span class=\"elementor-button-content-wrapper\">\r\n\t\t\t\t\t\t<span class=\"elementor-button-icon elementor-align-icon-right\">\r\n\t\t\t\t<i aria-hidden=\"true\" class=\"fas fa-angle-right\"><\/i>\t\t\t<\/span>\r\n\t\t\t\t\t\t<span class=\"elementor-button-text\">Agendar Consulta<\/span>\r\n\t\t<\/span>\r\n\t\t\t\t\t<\/a>\r\n\t\t<\/div>\r\n\t\t\t\t<\/div>\r\n\t\t\t\t<\/div>\r\n\t\t\t\t\t<\/div>\r\n\t\t<\/div>\r\n\t\t\t\t\t\t\t<\/div>\r\n\t\t<\/section>\r\n\t\t\t\t\t\t<\/div>\r\n\t\t\t\t\t<\/div>\r\n\t\t","protected":false},"excerpt":{"rendered":"<p>Preenchimento Labial whatsapp rESUMO Uma das \u00e1reas que mais nos preocupamos com as mulheres s\u00e3o os l\u00e1bios. Um lindo sorriso com l\u00e1bios sensuais e bem definidos proporciona grande apelo.f Itens INTERVEN\u00c7\u00c3O &#8211; 10 minutos ANESTESIA &#8211; local CAMA &#8211; n\u00e3o obrigat\u00f3rio EFEITO &#8211; imediato RECUPERA\u00c7\u00c3O &#8211; 1 semana RESULTADO &#8211; tempor\u00e1rio D\u00favidas Procedimento n\u00e3o cir\u00fargico [&hellip;]<\/p>\n","protected":false},"author":1,"featured_media":0,"parent":0,"menu_order":0,"comment_status":"closed","ping_status":"closed","template":"","meta":{"footnotes":""},"yoast_head":"<!-- This site is optimized with the Yoast SEO plugin v22.2 - https:\/\/yoast.com\/wordpress\/plugins\/seo\/ -->\n<title>Preenchimento Labial em Fortaleza - Lift Complexo<\/title>\n<meta name=\"description\" content=\"Conhe\u00e7a o Procedimento de Preenchimento Labial em Fortaleza no Lift Complexo. Realizamos diversos tipos de procedimentos est\u00e9ticos para Homens e Mulheres.\" \/>\n<meta name=\"robots\" content=\"index, follow, max-snippet:-1, max-image-preview:large, max-video-preview:-1\" \/>\n<link rel=\"canonical\" href=\"https:\/\/liftcomplexo.com.br\/?page_id=517\" \/>\n<meta property=\"og:locale\" content=\"pt_BR\" \/>\n<meta property=\"og:type\" content=\"article\" \/>\n<meta property=\"og:title\" content=\"Preenchimento Labial em Fortaleza - Lift Complexo\" \/>\n<meta property=\"og:description\" content=\"Conhe\u00e7a o Procedimento de Preenchimento Labial em Fortaleza no Lift Complexo. Realizamos diversos tipos de procedimentos est\u00e9ticos para Homens e Mulheres.\" \/>\n<meta property=\"og:url\" content=\"https:\/\/liftcomplexo.com.br\/?page_id=517\" \/>\n<meta property=\"article:modified_time\" content=\"2025-11-18T18:59:24+00:00\" \/>\n<meta property=\"og:image\" content=\"http:\/\/liftcomplexo.com.br\/wp-content\/uploads\/2024\/03\/74a22cb75792ed2e8132f1cf9d23909b.jpg\" \/>\n<meta name=\"twitter:card\" content=\"summary_large_image\" \/>\n<meta name=\"twitter:label1\" content=\"Est. tempo de leitura\" \/>\n\t<meta name=\"twitter:data1\" content=\"2 minutos\" \/>\n<script type=\"application\/ld+json\" class=\"yoast-schema-graph\">{\"@context\":\"https:\/\/schema.org\",\"@graph\":[{\"@type\":\"WebPage\",\"@id\":\"https:\/\/liftcomplexo.com.br\/?page_id=517\",\"url\":\"https:\/\/liftcomplexo.com.br\/?page_id=517\",\"name\":\"Preenchimento Labial em Fortaleza - Lift Complexo\",\"isPartOf\":{\"@id\":\"https:\/\/liftcomplexo.com.br\/#website\"},\"primaryImageOfPage\":{\"@id\":\"https:\/\/liftcomplexo.com.br\/?page_id=517#primaryimage\"},\"image\":{\"@id\":\"https:\/\/liftcomplexo.com.br\/?page_id=517#primaryimage\"},\"thumbnailUrl\":\"http:\/\/liftcomplexo.com.br\/wp-content\/uploads\/2024\/03\/74a22cb75792ed2e8132f1cf9d23909b.jpg\",\"datePublished\":\"2024-03-18T19:52:32+00:00\",\"dateModified\":\"2025-11-18T18:59:24+00:00\",\"description\":\"Conhe\u00e7a o Procedimento de Preenchimento Labial em Fortaleza no Lift Complexo. Realizamos diversos tipos de procedimentos est\u00e9ticos para Homens e Mulheres.\",\"breadcrumb\":{\"@id\":\"https:\/\/liftcomplexo.com.br\/?page_id=517#breadcrumb\"},\"inLanguage\":\"pt-BR\",\"potentialAction\":[{\"@type\":\"ReadAction\",\"target\":[\"https:\/\/liftcomplexo.com.br\/?page_id=517\"]}]},{\"@type\":\"ImageObject\",\"inLanguage\":\"pt-BR\",\"@id\":\"https:\/\/liftcomplexo.com.br\/?page_id=517#primaryimage\",\"url\":\"http:\/\/liftcomplexo.com.br\/wp-content\/uploads\/2024\/03\/74a22cb75792ed2e8132f1cf9d23909b.jpg\",\"contentUrl\":\"http:\/\/liftcomplexo.com.br\/wp-content\/uploads\/2024\/03\/74a22cb75792ed2e8132f1cf9d23909b.jpg\"},{\"@type\":\"BreadcrumbList\",\"@id\":\"https:\/\/liftcomplexo.com.br\/?page_id=517#breadcrumb\",\"itemListElement\":[{\"@type\":\"ListItem\",\"position\":1,\"name\":\"In\u00edcio\",\"item\":\"https:\/\/liftcomplexo.com.br\/\"},{\"@type\":\"ListItem\",\"position\":2,\"name\":\"Preenchimento Labial\"}]},{\"@type\":\"WebSite\",\"@id\":\"https:\/\/liftcomplexo.com.br\/#website\",\"url\":\"https:\/\/liftcomplexo.com.br\/\",\"name\":\"\",\"description\":\"\",\"potentialAction\":[{\"@type\":\"SearchAction\",\"target\":{\"@type\":\"EntryPoint\",\"urlTemplate\":\"https:\/\/liftcomplexo.com.br\/?s={search_term_string}\"},\"query-input\":\"required name=search_term_string\"}],\"inLanguage\":\"pt-BR\"}]}<\/script>\n<!-- \/ Yoast SEO plugin. -->","yoast_head_json":{"title":"Preenchimento Labial em Fortaleza - Lift Complexo","description":"Conhe\u00e7a o Procedimento de Preenchimento Labial em Fortaleza no Lift Complexo. Realizamos diversos tipos de procedimentos est\u00e9ticos para Homens e Mulheres.","robots":{"index":"index","follow":"follow","max-snippet":"max-snippet:-1","max-image-preview":"max-image-preview:large","max-video-preview":"max-video-preview:-1"},"canonical":"https:\/\/liftcomplexo.com.br\/?page_id=517","og_locale":"pt_BR","og_type":"article","og_title":"Preenchimento Labial em Fortaleza - Lift Complexo","og_description":"Conhe\u00e7a o Procedimento de Preenchimento Labial em Fortaleza no Lift Complexo. Realizamos diversos tipos de procedimentos est\u00e9ticos para Homens e Mulheres.","og_url":"https:\/\/liftcomplexo.com.br\/?page_id=517","article_modified_time":"2025-11-18T18:59:24+00:00","og_image":[{"url":"http:\/\/liftcomplexo.com.br\/wp-content\/uploads\/2024\/03\/74a22cb75792ed2e8132f1cf9d23909b.jpg"}],"twitter_card":"summary_large_image","twitter_misc":{"Est. tempo de leitura":"2 minutos"},"schema":{"@context":"https:\/\/schema.org","@graph":[{"@type":"WebPage","@id":"https:\/\/liftcomplexo.com.br\/?page_id=517","url":"https:\/\/liftcomplexo.com.br\/?page_id=517","name":"Preenchimento Labial em Fortaleza - Lift Complexo","isPartOf":{"@id":"https:\/\/liftcomplexo.com.br\/#website"},"primaryImageOfPage":{"@id":"https:\/\/liftcomplexo.com.br\/?page_id=517#primaryimage"},"image":{"@id":"https:\/\/liftcomplexo.com.br\/?page_id=517#primaryimage"},"thumbnailUrl":"http:\/\/liftcomplexo.com.br\/wp-content\/uploads\/2024\/03\/74a22cb75792ed2e8132f1cf9d23909b.jpg","datePublished":"2024-03-18T19:52:32+00:00","dateModified":"2025-11-18T18:59:24+00:00","description":"Conhe\u00e7a o Procedimento de Preenchimento Labial em Fortaleza no Lift Complexo. Realizamos diversos tipos de procedimentos est\u00e9ticos para Homens e Mulheres.","breadcrumb":{"@id":"https:\/\/liftcomplexo.com.br\/?page_id=517#breadcrumb"},"inLanguage":"pt-BR","potentialAction":[{"@type":"ReadAction","target":["https:\/\/liftcomplexo.com.br\/?page_id=517"]}]},{"@type":"ImageObject","inLanguage":"pt-BR","@id":"https:\/\/liftcomplexo.com.br\/?page_id=517#primaryimage","url":"http:\/\/liftcomplexo.com.br\/wp-content\/uploads\/2024\/03\/74a22cb75792ed2e8132f1cf9d23909b.jpg","contentUrl":"http:\/\/liftcomplexo.com.br\/wp-content\/uploads\/2024\/03\/74a22cb75792ed2e8132f1cf9d23909b.jpg"},{"@type":"BreadcrumbList","@id":"https:\/\/liftcomplexo.com.br\/?page_id=517#breadcrumb","itemListElement":[{"@type":"ListItem","position":1,"name":"In\u00edcio","item":"https:\/\/liftcomplexo.com.br\/"},{"@type":"ListItem","position":2,"name":"Preenchimento Labial"}]},{"@type":"WebSite","@id":"https:\/\/liftcomplexo.com.br\/#website","url":"https:\/\/liftcomplexo.com.br\/","name":"","description":"","potentialAction":[{"@type":"SearchAction","target":{"@type":"EntryPoint","urlTemplate":"https:\/\/liftcomplexo.com.br\/?s={search_term_string}"},"query-input":"required name=search_term_string"}],"inLanguage":"pt-BR"}]}},"_links":{"self":[{"href":"https:\/\/liftcomplexo.com.br\/index.php?rest_route=\/wp\/v2\/pages\/517"}],"collection":[{"href":"https:\/\/liftcomplexo.com.br\/index.php?rest_route=\/wp\/v2\/pages"}],"about":[{"href":"https:\/\/liftcomplexo.com.br\/index.php?rest_route=\/wp\/v2\/types\/page"}],"author":[{"embeddable":true,"href":"https:\/\/liftcomplexo.com.br\/index.php?rest_route=\/wp\/v2\/users\/1"}],"replies":[{"embeddable":true,"href":"https:\/\/liftcomplexo.com.br\/index.php?rest_route=%2Fwp%2Fv2%2Fcomments&post=517"}],"version-history":[{"count":34,"href":"https:\/\/liftcomplexo.com.br\/index.php?rest_route=\/wp\/v2\/pages\/517\/revisions"}],"predecessor-version":[{"id":2281,"href":"https:\/\/liftcomplexo.com.br\/index.php?rest_route=\/wp\/v2\/pages\/517\/revisions\/2281"}],"wp:attachment":[{"href":"https:\/\/liftcomplexo.com.br\/index.php?rest_route=%2Fwp%2Fv2%2Fmedia&parent=517"}],"curies":[{"name":"wp","href":"https:\/\/api.w.org\/{rel}","templated":true}]}}