{"id":464,"date":"2024-03-18T14:27:28","date_gmt":"2024-03-18T17:27:28","guid":{"rendered":"https:\/\/cirurgiaplasticapassofundo.com.br\/?page_id=464"},"modified":"2025-11-18T15:59:38","modified_gmt":"2025-11-18T18:59:38","slug":"rinoplastia","status":"publish","type":"page","link":"https:\/\/liftcomplexo.com.br\/?page_id=464","title":{"rendered":"Rinoplastia"},"content":{"rendered":"\t\t<div data-elementor-type=\"wp-page\" data-elementor-id=\"464\" class=\"elementor elementor-464\" data-elementor-settings=\"[]\">\r\n\t\t\t\t\t\t\t<div class=\"elementor-section-wrap\">\r\n\t\t\t\t\t\t\t<section class=\"elementor-section elementor-top-section elementor-element elementor-element-f027288 elementor-section-boxed elementor-section-height-default elementor-section-height-default\" data-id=\"f027288\" data-element_type=\"section\" data-settings=\"{&quot;background_background&quot;:&quot;classic&quot;}\">\r\n\t\t\t\t\t\t<div class=\"elementor-container elementor-column-gap-default\">\r\n\t\t\t\t\t<div class=\"elementor-column elementor-col-50 elementor-top-column elementor-element elementor-element-93caff0\" data-id=\"93caff0\" data-element_type=\"column\">\r\n\t\t\t<div class=\"elementor-widget-wrap elementor-element-populated\">\r\n\t\t\t\t\t\t\t\t<div class=\"elementor-element elementor-element-8ed6dfd elementor-hidden-phone elementor-invisible elementor-widget elementor-widget-spacer\" data-id=\"8ed6dfd\" data-element_type=\"widget\" data-settings=\"{&quot;_animation&quot;:&quot;fadeInDown&quot;}\" data-widget_type=\"spacer.default\">\r\n\t\t\t\t<div class=\"elementor-widget-container\">\r\n\t\t\t\t\t<div class=\"elementor-spacer\">\r\n\t\t\t<div class=\"elementor-spacer-inner\"><\/div>\r\n\t\t<\/div>\r\n\t\t\t\t<\/div>\r\n\t\t\t\t<\/div>\r\n\t\t\t\t<div class=\"elementor-element elementor-element-a810336 elementor-invisible elementor-widget elementor-widget-heading\" data-id=\"a810336\" data-element_type=\"widget\" data-settings=\"{&quot;_animation&quot;:&quot;fadeInLeft&quot;}\" data-widget_type=\"heading.default\">\r\n\t\t\t\t<div class=\"elementor-widget-container\">\r\n\t\t\t<h1 class=\"elementor-heading-title elementor-size-default\">Rinoplastia<\/h1>\t\t<\/div>\r\n\t\t\t\t<\/div>\r\n\t\t\t\t<div class=\"elementor-element elementor-element-c51715d elementor-align-right elementor-hidden-phone elementor-invisible elementor-widget elementor-widget-button\" data-id=\"c51715d\" data-element_type=\"widget\" data-settings=\"{&quot;_animation&quot;:&quot;fadeInUp&quot;,&quot;_animation_delay&quot;:800}\" data-widget_type=\"button.default\">\r\n\t\t\t\t<div class=\"elementor-widget-container\">\r\n\t\t\t\t\t<div class=\"elementor-button-wrapper\">\r\n\t\t\t<a href=\"https:\/\/wa.me\/558594024317?text=Ol%C3%A1%2C%20gostaria%20de%20mais%20informa%C3%A7%C3%B5es%20sobre%20o%20Complexo%20Lift\" target=\"_blank\" class=\"elementor-button-link elementor-button elementor-size-md elementor-animation-sink\" role=\"button\">\r\n\t\t\t\t\t\t<span class=\"elementor-button-content-wrapper\">\r\n\t\t\t\t\t\t<span class=\"elementor-button-icon elementor-align-icon-right\">\r\n\t\t\t\t<i aria-hidden=\"true\" class=\"fas fa-angle-right\"><\/i>\t\t\t<\/span>\r\n\t\t\t\t\t\t<span class=\"elementor-button-text\">whatsapp<\/span>\r\n\t\t<\/span>\r\n\t\t\t\t\t<\/a>\r\n\t\t<\/div>\r\n\t\t\t\t<\/div>\r\n\t\t\t\t<\/div>\r\n\t\t\t\t\t<\/div>\r\n\t\t<\/div>\r\n\t\t\t\t<div class=\"elementor-column elementor-col-50 elementor-top-column elementor-element elementor-element-852d634\" data-id=\"852d634\" data-element_type=\"column\">\r\n\t\t\t<div class=\"elementor-widget-wrap elementor-element-populated\">\r\n\t\t\t\t\t\t\t\t<div class=\"elementor-element elementor-element-c1360fd elementor-invisible elementor-widget elementor-widget-heading\" data-id=\"c1360fd\" data-element_type=\"widget\" data-settings=\"{&quot;_animation&quot;:&quot;fadeIn&quot;}\" data-widget_type=\"heading.default\">\r\n\t\t\t\t<div class=\"elementor-widget-container\">\r\n\t\t\t<h5 class=\"elementor-heading-title elementor-size-medium\">rESUMO<\/h5>\t\t<\/div>\r\n\t\t\t\t<\/div>\r\n\t\t\t\t<div class=\"elementor-element elementor-element-5799322 elementor-invisible elementor-widget elementor-widget-text-editor\" data-id=\"5799322\" data-element_type=\"widget\" data-settings=\"{&quot;_animation&quot;:&quot;fadeIn&quot;}\" data-widget_type=\"text-editor.default\">\r\n\t\t\t\t<div class=\"elementor-widget-container\">\r\n\t\t\t\t\t\t\t\t<p>A altera\u00e7\u00e3o na forma do nariz \u00e9 uma das causas est\u00e9ticas que mais preocupam a imagem e \u00e0s vezes at\u00e9 dist\u00farbios psicol\u00f3gicos. O desenvolvimento do nariz \u00e9 tardio e geralmente coincide com o in\u00edcio da adolesc\u00eancia, quando a aceita\u00e7\u00e3o de um problema est\u00e9tico \u00e9 mais dif\u00edcil de assumir.<\/p>\t\t\t\t\t\t<\/div>\r\n\t\t\t\t<\/div>\r\n\t\t\t\t\t<\/div>\r\n\t\t<\/div>\r\n\t\t\t\t\t\t\t<\/div>\r\n\t\t<\/section>\r\n\t\t\t\t<section class=\"elementor-section elementor-top-section elementor-element elementor-element-950ed70 elementor-section-boxed elementor-section-height-default elementor-section-height-default\" data-id=\"950ed70\" data-element_type=\"section\">\r\n\t\t\t\t\t\t<div class=\"elementor-container elementor-column-gap-no\">\r\n\t\t\t\t\t<div class=\"elementor-column elementor-col-50 elementor-top-column elementor-element elementor-element-9a98db4\" data-id=\"9a98db4\" data-element_type=\"column\">\r\n\t\t\t<div class=\"elementor-widget-wrap elementor-element-populated\">\r\n\t\t\t\t\t\t\t\t<div class=\"elementor-element elementor-element-c48eff9 elementor-widget elementor-widget-image\" data-id=\"c48eff9\" data-element_type=\"widget\" data-widget_type=\"image.default\">\r\n\t\t\t\t<div class=\"elementor-widget-container\">\r\n\t\t\t\t\t\t\t\t\t\t\t\t\t\t\t<img loading=\"lazy\" decoding=\"async\" width=\"800\" height=\"600\" src=\"https:\/\/liftcomplexo.com.br\/wp-content\/uploads\/2024\/03\/344953c2d283c15485c455c5b23a06c0.jpg\" class=\"attachment-large size-large\" alt=\"\" srcset=\"https:\/\/liftcomplexo.com.br\/wp-content\/uploads\/2024\/03\/344953c2d283c15485c455c5b23a06c0.jpg 960w, https:\/\/liftcomplexo.com.br\/wp-content\/uploads\/2024\/03\/344953c2d283c15485c455c5b23a06c0-300x225.jpg 300w, https:\/\/liftcomplexo.com.br\/wp-content\/uploads\/2024\/03\/344953c2d283c15485c455c5b23a06c0-768x576.jpg 768w\" sizes=\"(max-width: 800px) 100vw, 800px\" \/>\t\t\t\t\t\t\t\t\t\t\t\t\t\t\t<\/div>\r\n\t\t\t\t<\/div>\r\n\t\t\t\t\t<\/div>\r\n\t\t<\/div>\r\n\t\t\t\t<div class=\"elementor-column elementor-col-50 elementor-top-column elementor-element elementor-element-a63ac5f\" data-id=\"a63ac5f\" data-element_type=\"column\">\r\n\t\t\t<div class=\"elementor-widget-wrap elementor-element-populated\">\r\n\t\t\t\t\t\t\t\t<section class=\"elementor-section elementor-inner-section elementor-element elementor-element-1ddd2cf elementor-section-boxed elementor-section-height-default elementor-section-height-default\" data-id=\"1ddd2cf\" data-element_type=\"section\">\r\n\t\t\t\t\t\t<div class=\"elementor-container elementor-column-gap-default\">\r\n\t\t\t\t\t<div class=\"elementor-column elementor-col-100 elementor-inner-column elementor-element elementor-element-b544461\" data-id=\"b544461\" data-element_type=\"column\">\r\n\t\t\t<div class=\"elementor-widget-wrap elementor-element-populated\">\r\n\t\t\t\t\t\t\t\t<div class=\"elementor-element elementor-element-4537c3d elementor-invisible elementor-widget elementor-widget-heading\" data-id=\"4537c3d\" data-element_type=\"widget\" data-settings=\"{&quot;_animation&quot;:&quot;fadeInLeft&quot;}\" data-widget_type=\"heading.default\">\r\n\t\t\t\t<div class=\"elementor-widget-container\">\r\n\t\t\t<h1 class=\"elementor-heading-title elementor-size-default\">Itens<\/h1>\t\t<\/div>\r\n\t\t\t\t<\/div>\r\n\t\t\t\t<div class=\"elementor-element elementor-element-3082318 elementor-icon-list--layout-traditional elementor-list-item-link-full_width elementor-widget elementor-widget-icon-list\" data-id=\"3082318\" data-element_type=\"widget\" data-widget_type=\"icon-list.default\">\r\n\t\t\t\t<div class=\"elementor-widget-container\">\r\n\t\t\t\t\t<ul class=\"elementor-icon-list-items\">\r\n\t\t\t\t\t\t\t<li class=\"elementor-icon-list-item\">\r\n\t\t\t\t\t\t\t\t\t\t\t<span class=\"elementor-icon-list-icon\">\r\n\t\t\t\t\t\t\t<i aria-hidden=\"true\" class=\"far fa-clock\"><\/i>\t\t\t\t\t\t<\/span>\r\n\t\t\t\t\t\t\t\t\t\t<span class=\"elementor-icon-list-text\">INTERVEN\u00c7\u00c3O - 1 hora<\/span>\r\n\t\t\t\t\t\t\t\t\t<\/li>\r\n\t\t\t\t\t\t\t\t<li class=\"elementor-icon-list-item\">\r\n\t\t\t\t\t\t\t\t\t\t\t<span class=\"elementor-icon-list-icon\">\r\n\t\t\t\t\t\t\t<i aria-hidden=\"true\" class=\"far fa-eye-slash\"><\/i>\t\t\t\t\t\t<\/span>\r\n\t\t\t\t\t\t\t\t\t\t<span class=\"elementor-icon-list-text\">ANESTESIA - Local com ou sem seda\u00e7\u00e3o<\/span>\r\n\t\t\t\t\t\t\t\t\t<\/li>\r\n\t\t\t\t\t\t\t\t<li class=\"elementor-icon-list-item\">\r\n\t\t\t\t\t\t\t\t\t\t\t<span class=\"elementor-icon-list-icon\">\r\n\t\t\t\t\t\t\t<i aria-hidden=\"true\" class=\"fas fa-bed\"><\/i>\t\t\t\t\t\t<\/span>\r\n\t\t\t\t\t\t\t\t\t\t<span class=\"elementor-icon-list-text\">CAMA - 4 dias<\/span>\r\n\t\t\t\t\t\t\t\t\t<\/li>\r\n\t\t\t\t\t\t\t\t<li class=\"elementor-icon-list-item\">\r\n\t\t\t\t\t\t\t\t\t\t\t<span class=\"elementor-icon-list-icon\">\r\n\t\t\t\t\t\t\t<i aria-hidden=\"true\" class=\"fas fa-check\"><\/i>\t\t\t\t\t\t<\/span>\r\n\t\t\t\t\t\t\t\t\t\t<span class=\"elementor-icon-list-text\">EFEITO - 1 semana<\/span>\r\n\t\t\t\t\t\t\t\t\t<\/li>\r\n\t\t\t\t\t\t\t\t<li class=\"elementor-icon-list-item\">\r\n\t\t\t\t\t\t\t\t\t\t\t<span class=\"elementor-icon-list-icon\">\r\n\t\t\t\t\t\t\t<i aria-hidden=\"true\" class=\"fas fa-check-circle\"><\/i>\t\t\t\t\t\t<\/span>\r\n\t\t\t\t\t\t\t\t\t\t<span class=\"elementor-icon-list-text\">RECUPERA\u00c7\u00c3O - 1 semana<\/span>\r\n\t\t\t\t\t\t\t\t\t<\/li>\r\n\t\t\t\t\t\t\t\t<li class=\"elementor-icon-list-item\">\r\n\t\t\t\t\t\t\t\t\t\t\t<span class=\"elementor-icon-list-icon\">\r\n\t\t\t\t\t\t\t<i aria-hidden=\"true\" class=\"far fa-heart\"><\/i>\t\t\t\t\t\t<\/span>\r\n\t\t\t\t\t\t\t\t\t\t<span class=\"elementor-icon-list-text\">RESULTADO - Permanente<\/span>\r\n\t\t\t\t\t\t\t\t\t<\/li>\r\n\t\t\t\t\t\t<\/ul>\r\n\t\t\t\t<\/div>\r\n\t\t\t\t<\/div>\r\n\t\t\t\t<div class=\"elementor-element elementor-element-3fe5dc9 elementor-align-justify elementor-widget elementor-widget-button\" data-id=\"3fe5dc9\" data-element_type=\"widget\" data-widget_type=\"button.default\">\r\n\t\t\t\t<div class=\"elementor-widget-container\">\r\n\t\t\t\t\t<div class=\"elementor-button-wrapper\">\r\n\t\t\t<a href=\"https:\/\/wa.me\/558594024317?text=Ol%C3%A1%2C%20gostaria%20de%20mais%20informa%C3%A7%C3%B5es%20sobre%20o%20Complexo%20Lift\" target=\"_blank\" class=\"elementor-button-link elementor-button elementor-size-sm\" role=\"button\">\r\n\t\t\t\t\t\t<span class=\"elementor-button-content-wrapper\">\r\n\t\t\t\t\t\t<span class=\"elementor-button-text\">D\u00favidas<\/span>\r\n\t\t<\/span>\r\n\t\t\t\t\t<\/a>\r\n\t\t<\/div>\r\n\t\t\t\t<\/div>\r\n\t\t\t\t<\/div>\r\n\t\t\t\t\t<\/div>\r\n\t\t<\/div>\r\n\t\t\t\t\t\t\t<\/div>\r\n\t\t<\/section>\r\n\t\t\t\t\t<\/div>\r\n\t\t<\/div>\r\n\t\t\t\t\t\t\t<\/div>\r\n\t\t<\/section>\r\n\t\t\t\t<section class=\"elementor-section elementor-top-section elementor-element elementor-element-a59ad8c elementor-section-boxed elementor-section-height-default elementor-section-height-default\" data-id=\"a59ad8c\" data-element_type=\"section\" data-settings=\"{&quot;background_background&quot;:&quot;classic&quot;}\">\r\n\t\t\t\t\t\t<div class=\"elementor-container elementor-column-gap-default\">\r\n\t\t\t\t\t<div class=\"elementor-column elementor-col-100 elementor-top-column elementor-element elementor-element-7fc693c\" data-id=\"7fc693c\" data-element_type=\"column\">\r\n\t\t\t<div class=\"elementor-widget-wrap elementor-element-populated\">\r\n\t\t\t\t\t\t\t\t<div class=\"elementor-element elementor-element-682a9f6 elementor-hidden-phone elementor-invisible elementor-widget elementor-widget-heading\" data-id=\"682a9f6\" data-element_type=\"widget\" data-settings=\"{&quot;_animation&quot;:&quot;fadeIn&quot;}\" data-widget_type=\"heading.default\">\r\n\t\t\t\t<div class=\"elementor-widget-container\">\r\n\t\t\t<h5 class=\"elementor-heading-title elementor-size-medium\">Procedimento cir\u00fargico<\/h5>\t\t<\/div>\r\n\t\t\t\t<\/div>\r\n\t\t\t\t<div class=\"elementor-element elementor-element-1341500 elementor-invisible elementor-widget elementor-widget-heading\" data-id=\"1341500\" data-element_type=\"widget\" data-settings=\"{&quot;_animation&quot;:&quot;fadeInRight&quot;}\" data-widget_type=\"heading.default\">\r\n\t\t\t\t<div class=\"elementor-widget-container\">\r\n\t\t\t<h2 class=\"elementor-heading-title elementor-size-xxl\">Conhe\u00e7a<\/h2>\t\t<\/div>\r\n\t\t\t\t<\/div>\r\n\t\t\t\t<div class=\"elementor-element elementor-element-8da581e elementor-widget-divider--view-line elementor-invisible elementor-widget elementor-widget-divider\" data-id=\"8da581e\" data-element_type=\"widget\" data-settings=\"{&quot;_animation&quot;:&quot;fadeInUp&quot;}\" data-widget_type=\"divider.default\">\r\n\t\t\t\t<div class=\"elementor-widget-container\">\r\n\t\t\t\t\t<div class=\"elementor-divider\">\r\n\t\t\t<span class=\"elementor-divider-separator\">\r\n\t\t\t\t\t\t<\/span>\r\n\t\t<\/div>\r\n\t\t\t\t<\/div>\r\n\t\t\t\t<\/div>\r\n\t\t\t\t<div class=\"elementor-element elementor-element-5c1ce78 elementor-invisible elementor-widget elementor-widget-text-editor\" data-id=\"5c1ce78\" data-element_type=\"widget\" data-settings=\"{&quot;_animation&quot;:&quot;fadeIn&quot;}\" data-widget_type=\"text-editor.default\">\r\n\t\t\t\t<div class=\"elementor-widget-container\">\r\n\t\t\t\t\t\t\t\t<p>A rinoplastia \u00e9 um procedimento cir\u00fargico que visa corrigir deformidades nasais, modificando sua forma, o que leva a uma melhora no equil\u00edbrio e na harmonia facial. \u00c9 uma das opera\u00e7\u00f5es mais frequentes realizadas pelo cirurgi\u00e3o pl\u00e1stico.<\/p>\n<p>O nariz \u00e9 um \u00f3rg\u00e3o respirat\u00f3rio cuja fun\u00e7\u00e3o tem uma grande transcend\u00eancia. O cirurgi\u00e3o deve ter em mente sempre os dois conceitos, funcional e est\u00e9tico, e consider\u00e1-los como um fato insepar\u00e1vel. Se houver desconforto respirat\u00f3rio, ele pode ser tratado no mesmo ato cir\u00fargico.<\/p>\n<p><strong>EM QUE CONSISTE<\/strong><\/p>\n<p>Existem duas maneiras de realizar essa interven\u00e7\u00e3o.<\/p>\n<p>Rinoplastia Fechada: A opera\u00e7\u00e3o \u00e9 realizada atrav\u00e9s de incis\u00f5es no interior das narinas de forma que nenhuma cicatriz externa seja vis\u00edvel. Atrav\u00e9s do interior do nariz, o cirurgi\u00e3o pode esculpir e modelar os ossos e cartilagens nasais e configurar uma nova estrutura. Desta forma, a pele e as membranas mucosas s\u00e3o retra\u00eddas e adaptadas para alcan\u00e7ar a forma desejada.<\/p>\n<p>Rinoplastia aberta: Para os casos com maior grau de dificuldade, como a modifica\u00e7\u00e3o de grandes deformidades da ponta. O cirurgi\u00e3o acessa diretamente as estruturas do nariz atrav\u00e9s de uma pequena incis\u00e3o na base da columela, que deixar\u00e1 uma cicatriz praticamente despercebida.<\/p>\n<p>Rinoplastia de aumento: A rinoplastia nem sempre \u00e9 uma cirurgia redutora. H\u00e1 pacientes que precisam aumentar o tamanho do nariz para dar mais destaque \u00e0 ponta, levantar um dorso encovado ou corrigir deformidades de origem cong\u00eanita e traum\u00e1tica. Nestes casos, o cirurgi\u00e3o geralmente recorre a enxertos com os pr\u00f3prios tecidos do paciente para dar forma ou apoio ao nariz.<\/p>\n<p>Nariz curto: \u00c0s vezes \u00e9 necess\u00e1rio realizar enxertos de cartilagem do paciente para alongar o nariz curto.<\/p>\n<p>Cada rinoplastia \u00e9 um caso diferente que deve ser cuidadosamente avaliado. N\u00e3o se trata apenas de reduzir ou aumentar o tamanho do nariz, mas de adapt\u00e1-lo \u00e0s caracter\u00edsticas de cada pessoa. Neste tipo de cirurgia est\u00e9tica, o di\u00e1logo com o paciente para contrastar seus desejos e perspectivas com as possibilidades de melhoria oferecidas pela interven\u00e7\u00e3o \u00e9 especialmente importante.<\/p>\n<p>A rinoplastia pode ser realizada sob anestesia geral ou local com seda\u00e7\u00e3o.<\/p>\n<p><strong>OS BENEF\u00cdCIOS<\/strong><\/p>\n<p>O resultado de uma rinoplastia \u00e9 um paciente satisfeito e agradecido, que se adapta rapidamente \u00e0 sua nova imagem e que, por sua vez, aumenta seu n\u00edvel de seguran\u00e7a e autoestima.<\/p>\n<p>Al\u00e9m de ser um elemento-chave na est\u00e9tica facial, o nariz \u00e9 um \u00f3rg\u00e3o respirat\u00f3rio cuja fun\u00e7\u00e3o \u00e9 de grande import\u00e2ncia. Se o paciente tamb\u00e9m tiver sido operado devido a problemas respirat\u00f3rios (septoplastia, cornetos &#8230;), al\u00e9m da melhora est\u00e9tica, ele respirar\u00e1 muito melhor.<\/p>\n<p><strong>PR\u00c9-OPERAT\u00d3RIO<\/strong><\/p>\n<p>Como acontece em todas as interven\u00e7\u00f5es, o exame m\u00e9dico pr\u00e9vio \u00e9 essencial para detectar qualquer poss\u00edvel anomalia que possa contraindicar a opera\u00e7\u00e3o. A pele do nariz e do seu ambiente deve estar livre de inflama\u00e7\u00f5es ou infec\u00e7\u00f5es e, claro, deve ter cuidado com qualquer gripe ou processo catarral que cause sintomas de congest\u00e3o nasal.<\/p>\n<p><strong>P\u00d3S-OPERAT\u00d3RIO<\/strong><\/p>\n<p>No final da opera\u00e7\u00e3o, o paciente sai da sala de cirurgia com uma tala cobrindo o nariz. Nos primeiros dias, edema e hematomas podem ocorrer em \u00e1reas pr\u00f3ximas, particularmente nas p\u00e1lpebras. A tala de pl\u00e1stico que cobre o nariz \u00e9 removida no sexto dia.<\/p>\n<p>O per\u00edodo p\u00f3s-operat\u00f3rio de uma rinoplastia n\u00e3o \u00e9 doloroso em absoluto e os analg\u00e9sicos n\u00e3o se usam normalmente. Se voc\u00ea sentir vontade de espirrar, fa\u00e7a isso com a boca aberta, liberando o ar livremente. No momento da remo\u00e7\u00e3o da tala, o edema vis\u00edvel e os hematomas ter\u00e3o desaparecido e o nariz estar\u00e1 em condi\u00e7\u00f5es ideais para que o paciente possa realizar sua vida normalmente. No entanto, o aspecto est\u00e9tico final deve seguir uma evolu\u00e7\u00e3o que levar\u00e1 um tempo n\u00e3o inferior a seis meses. \u00c9 uma evolu\u00e7\u00e3o lenta e progressiva que pode at\u00e9 passar despercebida. No entanto, devemos insistir na sua grande import\u00e2ncia para o resultado final.<\/p>\t\t\t\t\t\t<\/div>\r\n\t\t\t\t<\/div>\r\n\t\t\t\t<div class=\"elementor-element elementor-element-8516f0a elementor-align-left elementor-invisible elementor-widget elementor-widget-button\" data-id=\"8516f0a\" data-element_type=\"widget\" data-settings=\"{&quot;_animation&quot;:&quot;fadeInUp&quot;,&quot;_animation_delay&quot;:800}\" data-widget_type=\"button.default\">\r\n\t\t\t\t<div class=\"elementor-widget-container\">\r\n\t\t\t\t\t<div class=\"elementor-button-wrapper\">\r\n\t\t\t<a href=\"https:\/\/wa.me\/558594024317?text=Ol%C3%A1%2C%20gostaria%20de%20mais%20informa%C3%A7%C3%B5es%20sobre%20o%20Complexo%20Lift\" target=\"_blank\" class=\"elementor-button-link elementor-button elementor-size-md elementor-animation-sink\" role=\"button\">\r\n\t\t\t\t\t\t<span class=\"elementor-button-content-wrapper\">\r\n\t\t\t\t\t\t<span class=\"elementor-button-icon elementor-align-icon-right\">\r\n\t\t\t\t<i aria-hidden=\"true\" class=\"fas fa-angle-right\"><\/i>\t\t\t<\/span>\r\n\t\t\t\t\t\t<span class=\"elementor-button-text\">Agendar Consulta<\/span>\r\n\t\t<\/span>\r\n\t\t\t\t\t<\/a>\r\n\t\t<\/div>\r\n\t\t\t\t<\/div>\r\n\t\t\t\t<\/div>\r\n\t\t\t\t\t<\/div>\r\n\t\t<\/div>\r\n\t\t\t\t\t\t\t<\/div>\r\n\t\t<\/section>\r\n\t\t\t\t\t\t<\/div>\r\n\t\t\t\t\t<\/div>\r\n\t\t","protected":false},"excerpt":{"rendered":"<p>Rinoplastia whatsapp rESUMO A altera\u00e7\u00e3o na forma do nariz \u00e9 uma das causas est\u00e9ticas que mais preocupam a imagem e \u00e0s vezes at\u00e9 dist\u00farbios psicol\u00f3gicos. O desenvolvimento do nariz \u00e9 tardio e geralmente coincide com o in\u00edcio da adolesc\u00eancia, quando a aceita\u00e7\u00e3o de um problema est\u00e9tico \u00e9 mais dif\u00edcil de assumir. Itens INTERVEN\u00c7\u00c3O &#8211; 1 [&hellip;]<\/p>\n","protected":false},"author":1,"featured_media":0,"parent":0,"menu_order":0,"comment_status":"closed","ping_status":"closed","template":"","meta":{"footnotes":""},"yoast_head":"<!-- This site is optimized with the Yoast SEO plugin v22.2 - https:\/\/yoast.com\/wordpress\/plugins\/seo\/ -->\n<title>Rinoplastia -<\/title>\n<meta name=\"robots\" content=\"index, follow, max-snippet:-1, max-image-preview:large, max-video-preview:-1\" \/>\n<link rel=\"canonical\" href=\"https:\/\/liftcomplexo.com.br\/?page_id=464\" \/>\n<meta property=\"og:locale\" content=\"pt_BR\" \/>\n<meta property=\"og:type\" content=\"article\" \/>\n<meta property=\"og:title\" content=\"Rinoplastia -\" \/>\n<meta property=\"og:description\" content=\"Rinoplastia whatsapp rESUMO A altera\u00e7\u00e3o na forma do nariz \u00e9 uma das causas est\u00e9ticas que mais preocupam a imagem e \u00e0s vezes at\u00e9 dist\u00farbios psicol\u00f3gicos. O desenvolvimento do nariz \u00e9 tardio e geralmente coincide com o in\u00edcio da adolesc\u00eancia, quando a aceita\u00e7\u00e3o de um problema est\u00e9tico \u00e9 mais dif\u00edcil de assumir. Itens INTERVEN\u00c7\u00c3O &#8211; 1 [&hellip;]\" \/>\n<meta property=\"og:url\" content=\"https:\/\/liftcomplexo.com.br\/?page_id=464\" \/>\n<meta property=\"article:modified_time\" content=\"2025-11-18T18:59:38+00:00\" \/>\n<meta property=\"og:image\" content=\"http:\/\/liftcomplexo.com.br\/wp-content\/uploads\/2024\/03\/344953c2d283c15485c455c5b23a06c0.jpg\" \/>\n<meta name=\"twitter:card\" content=\"summary_large_image\" \/>\n<meta name=\"twitter:label1\" content=\"Est. tempo de leitura\" \/>\n\t<meta name=\"twitter:data1\" content=\"5 minutos\" \/>\n<script type=\"application\/ld+json\" class=\"yoast-schema-graph\">{\"@context\":\"https:\/\/schema.org\",\"@graph\":[{\"@type\":\"WebPage\",\"@id\":\"https:\/\/liftcomplexo.com.br\/?page_id=464\",\"url\":\"https:\/\/liftcomplexo.com.br\/?page_id=464\",\"name\":\"Rinoplastia -\",\"isPartOf\":{\"@id\":\"https:\/\/liftcomplexo.com.br\/#website\"},\"primaryImageOfPage\":{\"@id\":\"https:\/\/liftcomplexo.com.br\/?page_id=464#primaryimage\"},\"image\":{\"@id\":\"https:\/\/liftcomplexo.com.br\/?page_id=464#primaryimage\"},\"thumbnailUrl\":\"http:\/\/liftcomplexo.com.br\/wp-content\/uploads\/2024\/03\/344953c2d283c15485c455c5b23a06c0.jpg\",\"datePublished\":\"2024-03-18T17:27:28+00:00\",\"dateModified\":\"2025-11-18T18:59:38+00:00\",\"breadcrumb\":{\"@id\":\"https:\/\/liftcomplexo.com.br\/?page_id=464#breadcrumb\"},\"inLanguage\":\"pt-BR\",\"potentialAction\":[{\"@type\":\"ReadAction\",\"target\":[\"https:\/\/liftcomplexo.com.br\/?page_id=464\"]}]},{\"@type\":\"ImageObject\",\"inLanguage\":\"pt-BR\",\"@id\":\"https:\/\/liftcomplexo.com.br\/?page_id=464#primaryimage\",\"url\":\"http:\/\/liftcomplexo.com.br\/wp-content\/uploads\/2024\/03\/344953c2d283c15485c455c5b23a06c0.jpg\",\"contentUrl\":\"http:\/\/liftcomplexo.com.br\/wp-content\/uploads\/2024\/03\/344953c2d283c15485c455c5b23a06c0.jpg\"},{\"@type\":\"BreadcrumbList\",\"@id\":\"https:\/\/liftcomplexo.com.br\/?page_id=464#breadcrumb\",\"itemListElement\":[{\"@type\":\"ListItem\",\"position\":1,\"name\":\"In\u00edcio\",\"item\":\"https:\/\/liftcomplexo.com.br\/\"},{\"@type\":\"ListItem\",\"position\":2,\"name\":\"Rinoplastia\"}]},{\"@type\":\"WebSite\",\"@id\":\"https:\/\/liftcomplexo.com.br\/#website\",\"url\":\"https:\/\/liftcomplexo.com.br\/\",\"name\":\"\",\"description\":\"\",\"potentialAction\":[{\"@type\":\"SearchAction\",\"target\":{\"@type\":\"EntryPoint\",\"urlTemplate\":\"https:\/\/liftcomplexo.com.br\/?s={search_term_string}\"},\"query-input\":\"required name=search_term_string\"}],\"inLanguage\":\"pt-BR\"}]}<\/script>\n<!-- \/ Yoast SEO plugin. -->","yoast_head_json":{"title":"Rinoplastia -","robots":{"index":"index","follow":"follow","max-snippet":"max-snippet:-1","max-image-preview":"max-image-preview:large","max-video-preview":"max-video-preview:-1"},"canonical":"https:\/\/liftcomplexo.com.br\/?page_id=464","og_locale":"pt_BR","og_type":"article","og_title":"Rinoplastia -","og_description":"Rinoplastia whatsapp rESUMO A altera\u00e7\u00e3o na forma do nariz \u00e9 uma das causas est\u00e9ticas que mais preocupam a imagem e \u00e0s vezes at\u00e9 dist\u00farbios psicol\u00f3gicos. O desenvolvimento do nariz \u00e9 tardio e geralmente coincide com o in\u00edcio da adolesc\u00eancia, quando a aceita\u00e7\u00e3o de um problema est\u00e9tico \u00e9 mais dif\u00edcil de assumir. Itens INTERVEN\u00c7\u00c3O &#8211; 1 [&hellip;]","og_url":"https:\/\/liftcomplexo.com.br\/?page_id=464","article_modified_time":"2025-11-18T18:59:38+00:00","og_image":[{"url":"http:\/\/liftcomplexo.com.br\/wp-content\/uploads\/2024\/03\/344953c2d283c15485c455c5b23a06c0.jpg"}],"twitter_card":"summary_large_image","twitter_misc":{"Est. tempo de leitura":"5 minutos"},"schema":{"@context":"https:\/\/schema.org","@graph":[{"@type":"WebPage","@id":"https:\/\/liftcomplexo.com.br\/?page_id=464","url":"https:\/\/liftcomplexo.com.br\/?page_id=464","name":"Rinoplastia -","isPartOf":{"@id":"https:\/\/liftcomplexo.com.br\/#website"},"primaryImageOfPage":{"@id":"https:\/\/liftcomplexo.com.br\/?page_id=464#primaryimage"},"image":{"@id":"https:\/\/liftcomplexo.com.br\/?page_id=464#primaryimage"},"thumbnailUrl":"http:\/\/liftcomplexo.com.br\/wp-content\/uploads\/2024\/03\/344953c2d283c15485c455c5b23a06c0.jpg","datePublished":"2024-03-18T17:27:28+00:00","dateModified":"2025-11-18T18:59:38+00:00","breadcrumb":{"@id":"https:\/\/liftcomplexo.com.br\/?page_id=464#breadcrumb"},"inLanguage":"pt-BR","potentialAction":[{"@type":"ReadAction","target":["https:\/\/liftcomplexo.com.br\/?page_id=464"]}]},{"@type":"ImageObject","inLanguage":"pt-BR","@id":"https:\/\/liftcomplexo.com.br\/?page_id=464#primaryimage","url":"http:\/\/liftcomplexo.com.br\/wp-content\/uploads\/2024\/03\/344953c2d283c15485c455c5b23a06c0.jpg","contentUrl":"http:\/\/liftcomplexo.com.br\/wp-content\/uploads\/2024\/03\/344953c2d283c15485c455c5b23a06c0.jpg"},{"@type":"BreadcrumbList","@id":"https:\/\/liftcomplexo.com.br\/?page_id=464#breadcrumb","itemListElement":[{"@type":"ListItem","position":1,"name":"In\u00edcio","item":"https:\/\/liftcomplexo.com.br\/"},{"@type":"ListItem","position":2,"name":"Rinoplastia"}]},{"@type":"WebSite","@id":"https:\/\/liftcomplexo.com.br\/#website","url":"https:\/\/liftcomplexo.com.br\/","name":"","description":"","potentialAction":[{"@type":"SearchAction","target":{"@type":"EntryPoint","urlTemplate":"https:\/\/liftcomplexo.com.br\/?s={search_term_string}"},"query-input":"required name=search_term_string"}],"inLanguage":"pt-BR"}]}},"_links":{"self":[{"href":"https:\/\/liftcomplexo.com.br\/index.php?rest_route=\/wp\/v2\/pages\/464"}],"collection":[{"href":"https:\/\/liftcomplexo.com.br\/index.php?rest_route=\/wp\/v2\/pages"}],"about":[{"href":"https:\/\/liftcomplexo.com.br\/index.php?rest_route=\/wp\/v2\/types\/page"}],"author":[{"embeddable":true,"href":"https:\/\/liftcomplexo.com.br\/index.php?rest_route=\/wp\/v2\/users\/1"}],"replies":[{"embeddable":true,"href":"https:\/\/liftcomplexo.com.br\/index.php?rest_route=%2Fwp%2Fv2%2Fcomments&post=464"}],"version-history":[{"count":29,"href":"https:\/\/liftcomplexo.com.br\/index.php?rest_route=\/wp\/v2\/pages\/464\/revisions"}],"predecessor-version":[{"id":2284,"href":"https:\/\/liftcomplexo.com.br\/index.php?rest_route=\/wp\/v2\/pages\/464\/revisions\/2284"}],"wp:attachment":[{"href":"https:\/\/liftcomplexo.com.br\/index.php?rest_route=%2Fwp%2Fv2%2Fmedia&parent=464"}],"curies":[{"name":"wp","href":"https:\/\/api.w.org\/{rel}","templated":true}]}}